{"id":6438,"date":"2020-04-01T17:00:35","date_gmt":"2020-04-01T14:00:35","guid":{"rendered":"https:\/\/www.african-court.org\/afchpr\/informacoes-gerais\/"},"modified":"2025-03-15T15:18:51","modified_gmt":"2025-03-15T12:18:51","slug":"informacoes-gerais","status":"publish","type":"page","link":"https:\/\/www.african-court.org\/afchpr\/informacoes-gerais\/?lang=pt-pt","title":{"rendered":"Informa\u00e7\u00f5es Gerais"},"content":{"rendered":"\t\t<div data-elementor-type=\"wp-page\" data-elementor-id=\"6438\" class=\"elementor elementor-6438 elementor-67\">\n\t\t\t\t<div class=\"elementor-element elementor-element-49f312f0 e-grid e-con-full e-con e-parent\" data-id=\"49f312f0\" data-element_type=\"container\" data-e-type=\"container\" data-settings=\"{&quot;background_background&quot;:&quot;classic&quot;}\">\n\t\t<div class=\"elementor-element elementor-element-79509b08 e-con-full e-flex e-con e-child\" data-id=\"79509b08\" data-element_type=\"container\" data-e-type=\"container\" data-settings=\"{&quot;background_background&quot;:&quot;classic&quot;}\">\n\t\t\t\t<div class=\"elementor-element elementor-element-03afd2b elementor-widget elementor-widget-jnews_post_title_elementor\" data-id=\"03afd2b\" data-element_type=\"widget\" data-e-type=\"widget\" data-widget_type=\"jnews_post_title_elementor.default\">\n\t\t\t\t<div class=\"elementor-widget-container\">\n\t\t\t\t\t<div  class='jeg_custom_title_wrapper   '>\n                <h1 class=\"jeg_post_title\">Informa\u00e7\u00f5es Gerais<\/h1>\n            <\/div>\t\t\t\t<\/div>\n\t\t\t\t<\/div>\n\t\t\t\t<div class=\"elementor-element elementor-element-1f5817c elementor-widget elementor-widget-jnews_post_breadcrumb_elementor\" data-id=\"1f5817c\" data-element_type=\"widget\" data-e-type=\"widget\" data-widget_type=\"jnews_post_breadcrumb_elementor.default\">\n\t\t\t\t<div class=\"elementor-widget-container\">\n\t\t\t\t\t<div  class='jeg_custom_breadcrumb_wrapper   '><\/div>\t\t\t\t<\/div>\n\t\t\t\t<\/div>\n\t\t\t\t<div class=\"elementor-element elementor-element-44cfe1c5 elementor-widget-divider--view-line elementor-widget elementor-widget-divider\" data-id=\"44cfe1c5\" data-element_type=\"widget\" data-e-type=\"widget\" data-widget_type=\"divider.default\">\n\t\t\t\t<div class=\"elementor-widget-container\">\n\t\t\t\t\t\t\t<div class=\"elementor-divider\">\n\t\t\t<span class=\"elementor-divider-separator\">\n\t\t\t\t\t\t<\/span>\n\t\t<\/div>\n\t\t\t\t\t\t<\/div>\n\t\t\t\t<\/div>\n\t\t\t\t<div class=\"elementor-element elementor-element-5f7fde14 e-n-tabs-mobile elementor-widget elementor-widget-n-tabs\" data-id=\"5f7fde14\" data-element_type=\"widget\" data-e-type=\"widget\" data-settings=\"{&quot;horizontal_scroll&quot;:&quot;disable&quot;}\" data-widget_type=\"nested-tabs.default\">\n\t\t\t\t<div class=\"elementor-widget-container\">\n\t\t\t\t\t\t\t<div class=\"e-n-tabs\" data-widget-number=\"1602215444\" aria-label=\"Tabs. Open items with Enter or Space, close with Escape and navigate using the Arrow keys.\">\n\t\t\t<div class=\"e-n-tabs-heading\" role=\"tablist\">\n\t\t\t\t\t<button id=\"e-n-tab-title-16022154441\" data-tab-title-id=\"e-n-tab-title-16022154441\" class=\"e-n-tab-title\" aria-selected=\"true\" data-tab-index=\"1\" role=\"tab\" tabindex=\"0\" aria-controls=\"e-n-tab-content-16022154441\" style=\"--n-tabs-title-order: 1;\">\n\t\t\t\t\t\t<span class=\"e-n-tab-title-text\">\n\t\t\t\tFinalidade da Biblioteca do Tribunal\t\t\t<\/span>\n\t\t<\/button>\n\t\t\t\t<button id=\"e-n-tab-title-16022154442\" data-tab-title-id=\"e-n-tab-title-16022154442\" class=\"e-n-tab-title\" aria-selected=\"false\" data-tab-index=\"2\" role=\"tab\" tabindex=\"-1\" aria-controls=\"e-n-tab-content-16022154442\" style=\"--n-tabs-title-order: 2;\">\n\t\t\t\t\t\t<span class=\"e-n-tab-title-text\">\n\t\t\t\tAs fun\u00e7\u00f5es da Biblioteca incluem:\t\t\t<\/span>\n\t\t<\/button>\n\t\t\t\t\t<\/div>\n\t\t\t<div class=\"e-n-tabs-content\">\n\t\t\t\t<div id=\"e-n-tab-content-16022154441\" role=\"tabpanel\" aria-labelledby=\"e-n-tab-title-16022154441\" data-tab-index=\"1\" style=\"--n-tabs-title-order: 1;\" class=\"e-active elementor-element elementor-element-45a1f398 e-con-full e-flex e-con e-child\" data-id=\"45a1f398\" data-element_type=\"container\" data-e-type=\"container\">\n\t\t\t\t<div class=\"elementor-element elementor-element-712e5a75 elementor-widget elementor-widget-text-editor\" data-id=\"712e5a75\" data-element_type=\"widget\" data-e-type=\"widget\" data-widget_type=\"text-editor.default\">\n\t\t\t\t<div class=\"elementor-widget-container\">\n\t\t\t\t\t\t\t\t\t<p>A fun\u00e7\u00e3o central da Biblioteca \u00e9 apoiar as actividades judiciais e administrativas dos Membros e Funcion\u00e1rios do Tribunal. Em resposta \u00e0s v\u00e1rias exig\u00eancias de investiga\u00e7\u00e3o, a Biblioteca desenvolve a sua colec\u00e7\u00e3o em direitos humanos, legisla\u00e7\u00e3o dos Estados Membros da UA, jurisprud\u00eancia relevante, direito internacional, direito comparado, direito constitucional e p\u00fablico. Serve tamb\u00e9m como biblioteca especializada centrada em obras sobre direitos humanos e dos povos e convida outras comunidades de utilizadores para explorar os seus recursos.<\/p>\t\t\t\t\t\t\t\t<\/div>\n\t\t\t\t<\/div>\n\t\t\t\t<\/div>\n\t\t<div id=\"e-n-tab-content-16022154442\" role=\"tabpanel\" aria-labelledby=\"e-n-tab-title-16022154442\" data-tab-index=\"2\" style=\"--n-tabs-title-order: 2;\" class=\" elementor-element elementor-element-65719323 e-con-full e-flex e-con e-child\" data-id=\"65719323\" data-element_type=\"container\" data-e-type=\"container\">\n\t\t\t\t<div class=\"elementor-element elementor-element-240adbdb elementor-widget elementor-widget-text-editor\" data-id=\"240adbdb\" data-element_type=\"widget\" data-e-type=\"widget\" data-widget_type=\"text-editor.default\">\n\t\t\t\t<div class=\"elementor-widget-container\">\n\t\t\t\t\t\t\t\t\t<ol class=\"wp-block-list\">\n<li>Aquisi\u00e7\u00e3o, organiza\u00e7\u00e3o e disponibiliza\u00e7\u00e3o de material jur\u00eddico, em particular, publica\u00e7\u00f5es em s\u00e9rie (no formato impresso e electr\u00f3nico) que requerem uma an\u00e1lise aprofundada do assunto, fornecimento de descri\u00e7\u00e3o e classifica\u00e7\u00e3o bibliogr\u00e1fica original; Organiza\u00e7\u00e3o da produ\u00e7\u00e3o cont\u00ednua de uma gama completa de servi\u00e7os bibliotec\u00e1rios, incluindo o uso de servidores de documentos electr\u00f3nicos, bases de dados externas e outros recursos em rede, bem como servi\u00e7os aos utilizadores no balc\u00e3o da Biblioteca; Avalia\u00e7\u00e3o da adequa\u00e7\u00e3o das ferramentas de refer\u00eancia existentes para a descri\u00e7\u00e3o bibliogr\u00e1fica; Aconselhamento a outras unidades e departamentos que procurem conhecimentos especializados em organiza\u00e7\u00e3o de dados e conte\u00fados; Orientar, mentorar, treinar e supervisionar o pessoal afecto \u00e0 fun\u00e7\u00e3o;<\/li>\n<li>Realiza\u00e7\u00e3o de inqu\u00e9ritos peri\u00f3dicos aos utilizadores para estabelecer as necessidades em constante mudan\u00e7a dos utilizadores.<\/li>\n<\/ol>\t\t\t\t\t\t\t\t<\/div>\n\t\t\t\t<\/div>\n\t\t\t\t<\/div>\n\t\t\t\t\t<\/div>\n\t\t<\/div>\n\t\t\t\t\t\t<\/div>\n\t\t\t\t<\/div>\n\t\t<div class=\"elementor-element elementor-element-39ef20a2 e-grid e-con-full e-con e-child\" data-id=\"39ef20a2\" data-element_type=\"container\" data-e-type=\"container\">\n\t\t\t\t<div class=\"elementor-element elementor-element-4d31faf3 elementor-view-default elementor-position-block-start elementor-mobile-position-block-start elementor-widget elementor-widget-icon-box\" data-id=\"4d31faf3\" data-element_type=\"widget\" data-e-type=\"widget\" data-widget_type=\"icon-box.default\">\n\t\t\t\t<div class=\"elementor-widget-container\">\n\t\t\t\t\t\t\t<div class=\"elementor-icon-box-wrapper\">\n\n\t\t\t\t\t\t<div class=\"elementor-icon-box-icon\">\n\t\t\t\t<span  class=\"elementor-icon\">\n\t\t\t\t<svg aria-hidden=\"true\" class=\"e-font-icon-svg e-fas-lightbulb\" viewBox=\"0 0 352 512\" xmlns=\"http:\/\/www.w3.org\/2000\/svg\"><path d=\"M96.06 454.35c.01 6.29 1.87 12.45 5.36 17.69l17.09 25.69a31.99 31.99 0 0 0 26.64 14.28h61.71a31.99 31.99 0 0 0 26.64-14.28l17.09-25.69a31.989 31.989 0 0 0 5.36-17.69l.04-38.35H96.01l.05 38.35zM0 176c0 44.37 16.45 84.85 43.56 115.78 16.52 18.85 42.36 58.23 52.21 91.45.04.26.07.52.11.78h160.24c.04-.26.07-.51.11-.78 9.85-33.22 35.69-72.6 52.21-91.45C335.55 260.85 352 220.37 352 176 352 78.61 272.91-.3 175.45 0 73.44.31 0 82.97 0 176zm176-80c-44.11 0-80 35.89-80 80 0 8.84-7.16 16-16 16s-16-7.16-16-16c0-61.76 50.24-112 112-112 8.84 0 16 7.16 16 16s-7.16 16-16 16z\"><\/path><\/svg>\t\t\t\t<\/span>\n\t\t\t<\/div>\n\t\t\t\n\t\t\t\t\t\t<div class=\"elementor-icon-box-content\">\n\n\t\t\t\t\t\t\t\t\t<h3 class=\"elementor-icon-box-title\">\n\t\t\t\t\t\t<span  >\n\t\t\t\t\t\t\tVis\u00e3o da Biblioteca\t\t\t\t\t\t<\/span>\n\t\t\t\t\t<\/h3>\n\t\t\t\t\n\t\t\t\t\t\t\t\t\t<p class=\"elementor-icon-box-description\">\n\t\t\t\t\t\tSer um centro de excel\u00eancia de recursos de informa\u00e7\u00e3o sobre a Carta Africana dos Direitos do Homem e dos Povos e de todos os outros instrumentos africanos e internacionais respeitantes aos direitos humanos aplic\u00e1veis.\t\t\t\t\t<\/p>\n\t\t\t\t\n\t\t\t<\/div>\n\t\t\t\n\t\t<\/div>\n\t\t\t\t\t\t<\/div>\n\t\t\t\t<\/div>\n\t\t\t\t<div class=\"elementor-element elementor-element-1ef7f605 elementor-view-default elementor-position-block-start elementor-mobile-position-block-start elementor-widget elementor-widget-icon-box\" data-id=\"1ef7f605\" data-element_type=\"widget\" data-e-type=\"widget\" data-widget_type=\"icon-box.default\">\n\t\t\t\t<div class=\"elementor-widget-container\">\n\t\t\t\t\t\t\t<div class=\"elementor-icon-box-wrapper\">\n\n\t\t\t\t\t\t<div class=\"elementor-icon-box-icon\">\n\t\t\t\t<span  class=\"elementor-icon\">\n\t\t\t\t<svg aria-hidden=\"true\" class=\"e-font-icon-svg e-fas-life-ring\" viewBox=\"0 0 512 512\" xmlns=\"http:\/\/www.w3.org\/2000\/svg\"><path d=\"M256 8C119.033 8 8 119.033 8 256s111.033 248 248 248 248-111.033 248-248S392.967 8 256 8zm173.696 119.559l-63.399 63.399c-10.987-18.559-26.67-34.252-45.255-45.255l63.399-63.399a218.396 218.396 0 0 1 45.255 45.255zM256 352c-53.019 0-96-42.981-96-96s42.981-96 96-96 96 42.981 96 96-42.981 96-96 96zM127.559 82.304l63.399 63.399c-18.559 10.987-34.252 26.67-45.255 45.255l-63.399-63.399a218.372 218.372 0 0 1 45.255-45.255zM82.304 384.441l63.399-63.399c10.987 18.559 26.67 34.252 45.255 45.255l-63.399 63.399a218.396 218.396 0 0 1-45.255-45.255zm302.137 45.255l-63.399-63.399c18.559-10.987 34.252-26.67 45.255-45.255l63.399 63.399a218.403 218.403 0 0 1-45.255 45.255z\"><\/path><\/svg>\t\t\t\t<\/span>\n\t\t\t<\/div>\n\t\t\t\n\t\t\t\t\t\t<div class=\"elementor-icon-box-content\">\n\n\t\t\t\t\t\t\t\t\t<h3 class=\"elementor-icon-box-title\">\n\t\t\t\t\t\t<span  >\n\t\t\t\t\t\t\tMiss\u00e3o da Biblioteca\t\t\t\t\t\t<\/span>\n\t\t\t\t\t<\/h3>\n\t\t\t\t\n\t\t\t\t\t\t\t\t\t<p class=\"elementor-icon-box-description\">\n\t\t\t\t\t\tAlicer\u00e7ada na import\u00e2ncia central do conhecimento e da informa\u00e7\u00e3o para a pr\u00e1tica do direito, a Biblioteca foi criada para prestar servi\u00e7os bibliotec\u00e1rios eficientes e informa\u00e7\u00e3o ao TAfDHP. Apoia as actividades jur\u00eddico-judiciais dos Ju\u00edzes, Assessores Jur\u00eddicos, funcion\u00e1rios do Tribunal e utilizadores externos autorizados.\t\t\t\t\t<\/p>\n\t\t\t\t\n\t\t\t<\/div>\n\t\t\t\n\t\t<\/div>\n\t\t\t\t\t\t<\/div>\n\t\t\t\t<\/div>\n\t\t\t\t<\/div>\n\t\t\t\t<\/div>\n\t\t\t\t<\/div>\n\t\t\t\t<\/div>\n\t\t","protected":false},"excerpt":{"rendered":"<p>This is dummy title and will be replaced with real title of your post Home Category Child Category Finalidade da Biblioteca do Tribunal As fun\u00e7\u00f5es da Biblioteca incluem: A fun\u00e7\u00e3o central da Biblioteca \u00e9 apoiar as actividades judiciais e administrativas dos Membros e Funcion\u00e1rios do Tribunal. Em resposta \u00e0s v\u00e1rias exig\u00eancias de investiga\u00e7\u00e3o, a Biblioteca [&hellip;]<\/p>\n","protected":false},"author":1,"featured_media":0,"parent":0,"menu_order":0,"comment_status":"closed","ping_status":"closed","template":"","meta":{"jnews_page_loop":[],"jnews_single_page":[],"jnews_social_meta":[],"footnotes":""},"class_list":["post-6438","page","type-page","status-publish","hentry"],"yoast_head":"<!-- This site is optimized with the Yoast SEO plugin v27.4 - https:\/\/yoast.com\/product\/yoast-seo-wordpress\/ -->\n<title>Informa\u00e7\u00f5es Gerais - African Court on Human and Peoples&#039; Rights<\/title>\n<meta name=\"robots\" content=\"index, follow, max-snippet:-1, max-image-preview:large, max-video-preview:-1\" \/>\n<link rel=\"canonical\" href=\"https:\/\/www.african-court.org\/afchpr\/informacoes-gerais\/\" \/>\n<meta property=\"og:locale\" content=\"en_US\" \/>\n<meta property=\"og:type\" content=\"article\" \/>\n<meta property=\"og:title\" content=\"Informa\u00e7\u00f5es Gerais - African Court on Human and Peoples&#039; Rights\" \/>\n<meta property=\"og:description\" content=\"This is dummy title and will be replaced with real title of your post Home Category Child Category Finalidade da Biblioteca do Tribunal As fun\u00e7\u00f5es da Biblioteca incluem: A fun\u00e7\u00e3o central da Biblioteca \u00e9 apoiar as actividades judiciais e administrativas dos Membros e Funcion\u00e1rios do Tribunal. Em resposta \u00e0s v\u00e1rias exig\u00eancias de investiga\u00e7\u00e3o, a Biblioteca [&hellip;]\" \/>\n<meta property=\"og:url\" content=\"https:\/\/www.african-court.org\/afchpr\/informacoes-gerais\/?lang=pt-pt\" \/>\n<meta property=\"og:site_name\" content=\"African Court on Human and Peoples&#039; Rights\" \/>\n<meta property=\"article:publisher\" content=\"https:\/\/www.facebook.com\/afchpr\" \/>\n<meta property=\"article:modified_time\" content=\"2025-03-15T12:18:51+00:00\" \/>\n<meta name=\"twitter:card\" content=\"summary_large_image\" \/>\n<meta name=\"twitter:label1\" content=\"Est. reading time\" \/>\n\t<meta name=\"twitter:data1\" content=\"3 minutes\" \/>\n<script type=\"application\/ld+json\" class=\"yoast-schema-graph\">{\"@context\":\"https:\\\/\\\/schema.org\",\"@graph\":[{\"@type\":\"WebPage\",\"@id\":\"https:\\\/\\\/www.african-court.org\\\/afchpr\\\/informacoes-gerais\\\/?lang=pt-pt\",\"url\":\"https:\\\/\\\/www.african-court.org\\\/afchpr\\\/informacoes-gerais\\\/?lang=pt-pt\",\"name\":\"Informa\u00e7\u00f5es Gerais - African Court on Human and Peoples&#039; Rights\",\"isPartOf\":{\"@id\":\"https:\\\/\\\/www.african-court.org\\\/afchpr\\\/#website\"},\"datePublished\":\"2020-04-01T14:00:35+00:00\",\"dateModified\":\"2025-03-15T12:18:51+00:00\",\"breadcrumb\":{\"@id\":\"https:\\\/\\\/www.african-court.org\\\/afchpr\\\/informacoes-gerais\\\/?lang=pt-pt#breadcrumb\"},\"inLanguage\":\"en-US\",\"potentialAction\":[{\"@type\":\"ReadAction\",\"target\":[\"https:\\\/\\\/www.african-court.org\\\/afchpr\\\/informacoes-gerais\\\/?lang=pt-pt\"]}]},{\"@type\":\"BreadcrumbList\",\"@id\":\"https:\\\/\\\/www.african-court.org\\\/afchpr\\\/informacoes-gerais\\\/?lang=pt-pt#breadcrumb\",\"itemListElement\":[{\"@type\":\"ListItem\",\"position\":1,\"name\":\"Home\",\"item\":\"https:\\\/\\\/www.african-court.org\\\/afchpr\\\/\"},{\"@type\":\"ListItem\",\"position\":2,\"name\":\"Informa\u00e7\u00f5es Gerais\"}]},{\"@type\":\"WebSite\",\"@id\":\"https:\\\/\\\/www.african-court.org\\\/afchpr\\\/#website\",\"url\":\"https:\\\/\\\/www.african-court.org\\\/afchpr\\\/\",\"name\":\"African Court on Human and Peoples&#039; Rights\",\"description\":\"Protecting human rights in Africa\",\"publisher\":{\"@id\":\"https:\\\/\\\/www.african-court.org\\\/afchpr\\\/#organization\"},\"potentialAction\":[{\"@type\":\"SearchAction\",\"target\":{\"@type\":\"EntryPoint\",\"urlTemplate\":\"https:\\\/\\\/www.african-court.org\\\/afchpr\\\/?s={search_term_string}\"},\"query-input\":{\"@type\":\"PropertyValueSpecification\",\"valueRequired\":true,\"valueName\":\"search_term_string\"}}],\"inLanguage\":\"en-US\"},{\"@type\":\"Organization\",\"@id\":\"https:\\\/\\\/www.african-court.org\\\/afchpr\\\/#organization\",\"name\":\"African court on human and peoples' rights\",\"url\":\"https:\\\/\\\/www.african-court.org\\\/afchpr\\\/\",\"logo\":{\"@type\":\"ImageObject\",\"inLanguage\":\"en-US\",\"@id\":\"https:\\\/\\\/www.african-court.org\\\/afchpr\\\/#\\\/schema\\\/logo\\\/image\\\/\",\"url\":\"https:\\\/\\\/www.african-court.org\\\/wpafc\\\/wp-content\\\/uploads\\\/2020\\\/04\\\/African-Court-logo.png\",\"contentUrl\":\"https:\\\/\\\/www.african-court.org\\\/wpafc\\\/wp-content\\\/uploads\\\/2020\\\/04\\\/African-Court-logo.png\",\"width\":835,\"height\":835,\"caption\":\"African court on human and peoples' rights\"},\"image\":{\"@id\":\"https:\\\/\\\/www.african-court.org\\\/afchpr\\\/#\\\/schema\\\/logo\\\/image\\\/\"},\"sameAs\":[\"https:\\\/\\\/www.facebook.com\\\/afchpr\",\"https:\\\/\\\/www.youtube.com\\\/user\\\/africancourt\"]}]}<\/script>\n<!-- \/ Yoast SEO plugin. -->","yoast_head_json":{"title":"Informa\u00e7\u00f5es Gerais - African Court on Human and Peoples&#039; Rights","robots":{"index":"index","follow":"follow","max-snippet":"max-snippet:-1","max-image-preview":"max-image-preview:large","max-video-preview":"max-video-preview:-1"},"canonical":"https:\/\/www.african-court.org\/afchpr\/informacoes-gerais\/","og_locale":"en_US","og_type":"article","og_title":"Informa\u00e7\u00f5es Gerais - African Court on Human and Peoples&#039; Rights","og_description":"This is dummy title and will be replaced with real title of your post Home Category Child Category Finalidade da Biblioteca do Tribunal As fun\u00e7\u00f5es da Biblioteca incluem: A fun\u00e7\u00e3o central da Biblioteca \u00e9 apoiar as actividades judiciais e administrativas dos Membros e Funcion\u00e1rios do Tribunal. Em resposta \u00e0s v\u00e1rias exig\u00eancias de investiga\u00e7\u00e3o, a Biblioteca [&hellip;]","og_url":"https:\/\/www.african-court.org\/afchpr\/informacoes-gerais\/?lang=pt-pt","og_site_name":"African Court on Human and Peoples&#039; Rights","article_publisher":"https:\/\/www.facebook.com\/afchpr","article_modified_time":"2025-03-15T12:18:51+00:00","twitter_card":"summary_large_image","twitter_misc":{"Est. reading time":"3 minutes"},"schema":{"@context":"https:\/\/schema.org","@graph":[{"@type":"WebPage","@id":"https:\/\/www.african-court.org\/afchpr\/informacoes-gerais\/?lang=pt-pt","url":"https:\/\/www.african-court.org\/afchpr\/informacoes-gerais\/?lang=pt-pt","name":"Informa\u00e7\u00f5es Gerais - African Court on Human and Peoples&#039; Rights","isPartOf":{"@id":"https:\/\/www.african-court.org\/afchpr\/#website"},"datePublished":"2020-04-01T14:00:35+00:00","dateModified":"2025-03-15T12:18:51+00:00","breadcrumb":{"@id":"https:\/\/www.african-court.org\/afchpr\/informacoes-gerais\/?lang=pt-pt#breadcrumb"},"inLanguage":"en-US","potentialAction":[{"@type":"ReadAction","target":["https:\/\/www.african-court.org\/afchpr\/informacoes-gerais\/?lang=pt-pt"]}]},{"@type":"BreadcrumbList","@id":"https:\/\/www.african-court.org\/afchpr\/informacoes-gerais\/?lang=pt-pt#breadcrumb","itemListElement":[{"@type":"ListItem","position":1,"name":"Home","item":"https:\/\/www.african-court.org\/afchpr\/"},{"@type":"ListItem","position":2,"name":"Informa\u00e7\u00f5es Gerais"}]},{"@type":"WebSite","@id":"https:\/\/www.african-court.org\/afchpr\/#website","url":"https:\/\/www.african-court.org\/afchpr\/","name":"African Court on Human and Peoples&#039; Rights","description":"Protecting human rights in Africa","publisher":{"@id":"https:\/\/www.african-court.org\/afchpr\/#organization"},"potentialAction":[{"@type":"SearchAction","target":{"@type":"EntryPoint","urlTemplate":"https:\/\/www.african-court.org\/afchpr\/?s={search_term_string}"},"query-input":{"@type":"PropertyValueSpecification","valueRequired":true,"valueName":"search_term_string"}}],"inLanguage":"en-US"},{"@type":"Organization","@id":"https:\/\/www.african-court.org\/afchpr\/#organization","name":"African court on human and peoples' rights","url":"https:\/\/www.african-court.org\/afchpr\/","logo":{"@type":"ImageObject","inLanguage":"en-US","@id":"https:\/\/www.african-court.org\/afchpr\/#\/schema\/logo\/image\/","url":"https:\/\/www.african-court.org\/wpafc\/wp-content\/uploads\/2020\/04\/African-Court-logo.png","contentUrl":"https:\/\/www.african-court.org\/wpafc\/wp-content\/uploads\/2020\/04\/African-Court-logo.png","width":835,"height":835,"caption":"African court on human and peoples' rights"},"image":{"@id":"https:\/\/www.african-court.org\/afchpr\/#\/schema\/logo\/image\/"},"sameAs":["https:\/\/www.facebook.com\/afchpr","https:\/\/www.youtube.com\/user\/africancourt"]}]}},"publishpress_future_action":{"enabled":false,"date":"2026-04-24 20:06:26","action":"change-status","newStatus":"draft","terms":[],"taxonomy":"translation_priority","extraData":[]},"publishpress_future_workflow_manual_trigger":{"enabledWorkflows":[]},"post_mailing_queue_ids":[],"_links":{"self":[{"href":"https:\/\/www.african-court.org\/afchpr\/wp-json\/wp\/v2\/pages\/6438","targetHints":{"allow":["GET"]}}],"collection":[{"href":"https:\/\/www.african-court.org\/afchpr\/wp-json\/wp\/v2\/pages"}],"about":[{"href":"https:\/\/www.african-court.org\/afchpr\/wp-json\/wp\/v2\/types\/page"}],"author":[{"embeddable":true,"href":"https:\/\/www.african-court.org\/afchpr\/wp-json\/wp\/v2\/users\/1"}],"replies":[{"embeddable":true,"href":"https:\/\/www.african-court.org\/afchpr\/wp-json\/wp\/v2\/comments?post=6438"}],"version-history":[{"count":6,"href":"https:\/\/www.african-court.org\/afchpr\/wp-json\/wp\/v2\/pages\/6438\/revisions"}],"predecessor-version":[{"id":19135,"href":"https:\/\/www.african-court.org\/afchpr\/wp-json\/wp\/v2\/pages\/6438\/revisions\/19135"}],"wp:attachment":[{"href":"https:\/\/www.african-court.org\/afchpr\/wp-json\/wp\/v2\/media?parent=6438"}],"curies":[{"name":"wp","href":"https:\/\/api.w.org\/{rel}","templated":true}]}}