{"id":5076,"date":"2020-04-01T15:46:55","date_gmt":"2020-04-01T12:46:55","guid":{"rendered":"http:\/\/www.african-court.org\/wpafc\/competencia-jurisdicional\/"},"modified":"2025-03-15T12:20:43","modified_gmt":"2025-03-15T09:20:43","slug":"competencia-jurisdicional","status":"publish","type":"page","link":"https:\/\/www.african-court.org\/afchpr\/competencia-jurisdicional\/?lang=pt-pt","title":{"rendered":"Compet\u00eancia Jurisdicional"},"content":{"rendered":"\t\t<div data-elementor-type=\"wp-page\" data-elementor-id=\"5076\" class=\"elementor elementor-5076 elementor-18\">\n\t\t\t\t<div class=\"elementor-element elementor-element-186c46df e-con-full e-grid e-con e-parent\" data-id=\"186c46df\" data-element_type=\"container\" data-e-type=\"container\" data-settings=\"{&quot;background_background&quot;:&quot;classic&quot;}\">\n\t\t<div class=\"elementor-element elementor-element-232e4e43 e-con-full e-flex e-con e-child\" data-id=\"232e4e43\" data-element_type=\"container\" data-e-type=\"container\" data-settings=\"{&quot;background_background&quot;:&quot;classic&quot;}\">\n\t\t\t\t<div class=\"elementor-element elementor-element-2bbe0f4 elementor-widget elementor-widget-jnews_post_title_elementor\" data-id=\"2bbe0f4\" data-element_type=\"widget\" data-e-type=\"widget\" data-widget_type=\"jnews_post_title_elementor.default\">\n\t\t\t\t<div class=\"elementor-widget-container\">\n\t\t\t\t\t<div  class='jeg_custom_title_wrapper   '>\n                <h1 class=\"jeg_post_title\">Compet\u00eancia Jurisdicional<\/h1>\n            <\/div>\t\t\t\t<\/div>\n\t\t\t\t<\/div>\n\t\t\t\t<div class=\"elementor-element elementor-element-d60100f elementor-widget elementor-widget-jnews_post_breadcrumb_elementor\" data-id=\"d60100f\" data-element_type=\"widget\" data-e-type=\"widget\" data-widget_type=\"jnews_post_breadcrumb_elementor.default\">\n\t\t\t\t<div class=\"elementor-widget-container\">\n\t\t\t\t\t<div  class='jeg_custom_breadcrumb_wrapper   '><\/div>\t\t\t\t<\/div>\n\t\t\t\t<\/div>\n\t\t\t\t<div class=\"elementor-element elementor-element-4dd98340 elementor-widget-divider--view-line elementor-widget elementor-widget-divider\" data-id=\"4dd98340\" data-element_type=\"widget\" data-e-type=\"widget\" data-widget_type=\"divider.default\">\n\t\t\t\t<div class=\"elementor-widget-container\">\n\t\t\t\t\t\t\t<div class=\"elementor-divider\">\n\t\t\t<span class=\"elementor-divider-separator\">\n\t\t\t\t\t\t<\/span>\n\t\t<\/div>\n\t\t\t\t\t\t<\/div>\n\t\t\t\t<\/div>\n\t\t\t\t<div class=\"elementor-element elementor-element-1d077784 e-n-tabs-mobile elementor-widget elementor-widget-n-tabs\" data-id=\"1d077784\" data-element_type=\"widget\" data-e-type=\"widget\" data-settings=\"{&quot;horizontal_scroll&quot;:&quot;disable&quot;}\" data-widget_type=\"nested-tabs.default\">\n\t\t\t\t<div class=\"elementor-widget-container\">\n\t\t\t\t\t\t\t<div class=\"e-n-tabs\" data-widget-number=\"487028612\" aria-label=\"Tabs. Open items with Enter or Space, close with Escape and navigate using the Arrow keys.\">\n\t\t\t<div class=\"e-n-tabs-heading\" role=\"tablist\">\n\t\t\t\t\t<button id=\"e-n-tab-title-4870286121\" data-tab-title-id=\"e-n-tab-title-4870286121\" class=\"e-n-tab-title\" aria-selected=\"true\" data-tab-index=\"1\" role=\"tab\" tabindex=\"0\" aria-controls=\"e-n-tab-content-4870286121\" style=\"--n-tabs-title-order: 1;\">\n\t\t\t\t\t\t<span class=\"e-n-tab-title-text\">\n\t\t\t\tCompet\u00eancia em mat\u00e9ria Contenciosa\t\t\t<\/span>\n\t\t<\/button>\n\t\t\t\t<button id=\"e-n-tab-title-4870286122\" data-tab-title-id=\"e-n-tab-title-4870286122\" class=\"e-n-tab-title\" aria-selected=\"false\" data-tab-index=\"2\" role=\"tab\" tabindex=\"-1\" aria-controls=\"e-n-tab-content-4870286122\" style=\"--n-tabs-title-order: 2;\">\n\t\t\t\t\t\t<span class=\"e-n-tab-title-text\">\n\t\t\t\tCompet\u00eancia em mat\u00e9ria Consultiva\t\t\t<\/span>\n\t\t<\/button>\n\t\t\t\t\t<\/div>\n\t\t\t<div class=\"e-n-tabs-content\">\n\t\t\t\t<div id=\"e-n-tab-content-4870286121\" role=\"tabpanel\" aria-labelledby=\"e-n-tab-title-4870286121\" data-tab-index=\"1\" style=\"--n-tabs-title-order: 1;\" class=\"e-active elementor-element elementor-element-67020652 e-con-full e-flex e-con e-child\" data-id=\"67020652\" data-element_type=\"container\" data-e-type=\"container\">\n\t\t\t\t<div class=\"elementor-element elementor-element-542e3707 elementor-widget elementor-widget-text-editor\" data-id=\"542e3707\" data-element_type=\"widget\" data-e-type=\"widget\" data-widget_type=\"text-editor.default\">\n\t\t\t\t<div class=\"elementor-widget-container\">\n\t\t\t\t\t\t\t\t\t<p>Nos termos do Artigo 3.\u00ba do Protocolo, o Tribunal tem compet\u00eancia para conhecer de todos os casos e lit\u00edgios que lhe s\u00e3o submetidos relativos \u00e0 interpreta\u00e7\u00e3o e aplica\u00e7\u00e3o da Carta, do Protocolo e de qualquer outro instrumento relevante de direitos humanos ratificado pelos Estados em causa.<\/p>\n<p><\/p>\n<p>O Tribunal s\u00f3 pode conhecer de ac\u00e7\u00f5es interpostaos contra Estados que tenham ratificado o Protocolo e apresentado a Declara\u00e7\u00e3o nos termos do n.\u00ba 6 do Artigo 34.\u00ba, em casos que envolvam indiv\u00edduos particulares e organiza\u00e7\u00f5es n\u00e3o governamentais. O caso deve envolver alega\u00e7\u00f5es de direitos humanos e essas alegadas viola\u00e7\u00f5es devem ter ocorrido no Estado em causa depois deste ter ratificado o Protocolo, a menos que as alegadas viola\u00e7\u00f5es estejam ainda a ocorrer.<\/p>\t\t\t\t\t\t\t\t<\/div>\n\t\t\t\t<\/div>\n\t\t\t\t<\/div>\n\t\t<div id=\"e-n-tab-content-4870286122\" role=\"tabpanel\" aria-labelledby=\"e-n-tab-title-4870286122\" data-tab-index=\"2\" style=\"--n-tabs-title-order: 2;\" class=\" elementor-element elementor-element-c67a09b e-con-full e-flex e-con e-child\" data-id=\"c67a09b\" data-element_type=\"container\" data-e-type=\"container\">\n\t\t\t\t<div class=\"elementor-element elementor-element-fa12525 elementor-widget elementor-widget-text-editor\" data-id=\"fa12525\" data-element_type=\"widget\" data-e-type=\"widget\" data-widget_type=\"text-editor.default\">\n\t\t\t\t<div class=\"elementor-widget-container\">\n\t\t\t\t\t\t\t\t\t<p>Nos termos do Artigo 4.\u00ba do Protocolo, o Tribunal pode, a pedido de um Estado Membro da Uni\u00e3o Africana, de qualquer um dos \u00f3rg\u00e3os da Uni\u00e3o Africana, ou de uma organiza\u00e7\u00e3o africana reconhecida pela Uni\u00e3o Africana, pronunciar-se sobre qualquer quest\u00e3o de natureza jur\u00eddica relacionada com a Carta ou quaisquer outros instrumentos relevantes de direitos humanos, desde que a quest\u00e3o do parecer n\u00e3o esteja relacionada com uma mat\u00e9riao que est\u00e1 a ser analisada pela Comiss\u00e3o.<\/p>\t\t\t\t\t\t\t\t<\/div>\n\t\t\t\t<\/div>\n\t\t\t\t<\/div>\n\t\t\t\t\t<\/div>\n\t\t<\/div>\n\t\t\t\t\t\t<\/div>\n\t\t\t\t<\/div>\n\t\t\t\t<\/div>\n\t\t\t\t<\/div>\n\t\t\t\t<\/div>\n\t\t","protected":false},"excerpt":{"rendered":"<p>This is dummy title and will be replaced with real title of your post Home Category Child Category Compet\u00eancia em mat\u00e9ria Contenciosa Compet\u00eancia em mat\u00e9ria Consultiva Nos termos do Artigo 3.\u00ba do Protocolo, o Tribunal tem compet\u00eancia para conhecer de todos os casos e lit\u00edgios que lhe s\u00e3o submetidos relativos \u00e0 interpreta\u00e7\u00e3o e aplica\u00e7\u00e3o da [&hellip;]<\/p>\n","protected":false},"author":1,"featured_media":0,"parent":0,"menu_order":0,"comment_status":"closed","ping_status":"closed","template":"","meta":{"jnews_page_loop":[],"jnews_single_page":[],"jnews_social_meta":[],"footnotes":""},"class_list":["post-5076","page","type-page","status-publish","hentry"],"yoast_head":"<!-- This site is optimized with the Yoast SEO plugin v27.4 - https:\/\/yoast.com\/product\/yoast-seo-wordpress\/ -->\n<title>Compet\u00eancia Jurisdicional - African Court on Human and Peoples&#039; Rights<\/title>\n<meta name=\"robots\" content=\"index, follow, max-snippet:-1, max-image-preview:large, max-video-preview:-1\" \/>\n<link rel=\"canonical\" href=\"https:\/\/www.african-court.org\/afchpr\/competencia-jurisdicional\/\" \/>\n<meta property=\"og:locale\" content=\"en_US\" \/>\n<meta property=\"og:type\" content=\"article\" \/>\n<meta property=\"og:title\" content=\"Compet\u00eancia Jurisdicional - African Court on Human and Peoples&#039; Rights\" \/>\n<meta property=\"og:description\" content=\"This is dummy title and will be replaced with real title of your post Home Category Child Category Compet\u00eancia em mat\u00e9ria Contenciosa Compet\u00eancia em mat\u00e9ria Consultiva Nos termos do Artigo 3.\u00ba do Protocolo, o Tribunal tem compet\u00eancia para conhecer de todos os casos e lit\u00edgios que lhe s\u00e3o submetidos relativos \u00e0 interpreta\u00e7\u00e3o e aplica\u00e7\u00e3o da [&hellip;]\" \/>\n<meta property=\"og:url\" content=\"https:\/\/www.african-court.org\/afchpr\/competencia-jurisdicional\/?lang=pt-pt\" \/>\n<meta property=\"og:site_name\" content=\"African Court on Human and Peoples&#039; Rights\" \/>\n<meta property=\"article:publisher\" content=\"https:\/\/www.facebook.com\/afchpr\" \/>\n<meta property=\"article:modified_time\" content=\"2025-03-15T09:20:43+00:00\" \/>\n<meta name=\"twitter:card\" content=\"summary_large_image\" \/>\n<meta name=\"twitter:label1\" content=\"Est. reading time\" \/>\n\t<meta name=\"twitter:data1\" content=\"3 minutes\" \/>\n<script type=\"application\/ld+json\" class=\"yoast-schema-graph\">{\"@context\":\"https:\\\/\\\/schema.org\",\"@graph\":[{\"@type\":\"WebPage\",\"@id\":\"https:\\\/\\\/www.african-court.org\\\/afchpr\\\/competencia-jurisdicional\\\/?lang=pt-pt\",\"url\":\"https:\\\/\\\/www.african-court.org\\\/afchpr\\\/competencia-jurisdicional\\\/?lang=pt-pt\",\"name\":\"Compet\u00eancia Jurisdicional - African Court on Human and Peoples&#039; Rights\",\"isPartOf\":{\"@id\":\"https:\\\/\\\/www.african-court.org\\\/afchpr\\\/#website\"},\"datePublished\":\"2020-04-01T12:46:55+00:00\",\"dateModified\":\"2025-03-15T09:20:43+00:00\",\"breadcrumb\":{\"@id\":\"https:\\\/\\\/www.african-court.org\\\/afchpr\\\/competencia-jurisdicional\\\/?lang=pt-pt#breadcrumb\"},\"inLanguage\":\"en-US\",\"potentialAction\":[{\"@type\":\"ReadAction\",\"target\":[\"https:\\\/\\\/www.african-court.org\\\/afchpr\\\/competencia-jurisdicional\\\/?lang=pt-pt\"]}]},{\"@type\":\"BreadcrumbList\",\"@id\":\"https:\\\/\\\/www.african-court.org\\\/afchpr\\\/competencia-jurisdicional\\\/?lang=pt-pt#breadcrumb\",\"itemListElement\":[{\"@type\":\"ListItem\",\"position\":1,\"name\":\"Home\",\"item\":\"https:\\\/\\\/www.african-court.org\\\/afchpr\\\/\"},{\"@type\":\"ListItem\",\"position\":2,\"name\":\"Compet\u00eancia Jurisdicional\"}]},{\"@type\":\"WebSite\",\"@id\":\"https:\\\/\\\/www.african-court.org\\\/afchpr\\\/#website\",\"url\":\"https:\\\/\\\/www.african-court.org\\\/afchpr\\\/\",\"name\":\"African Court on Human and Peoples&#039; Rights\",\"description\":\"Protecting human rights in Africa\",\"publisher\":{\"@id\":\"https:\\\/\\\/www.african-court.org\\\/afchpr\\\/#organization\"},\"potentialAction\":[{\"@type\":\"SearchAction\",\"target\":{\"@type\":\"EntryPoint\",\"urlTemplate\":\"https:\\\/\\\/www.african-court.org\\\/afchpr\\\/?s={search_term_string}\"},\"query-input\":{\"@type\":\"PropertyValueSpecification\",\"valueRequired\":true,\"valueName\":\"search_term_string\"}}],\"inLanguage\":\"en-US\"},{\"@type\":\"Organization\",\"@id\":\"https:\\\/\\\/www.african-court.org\\\/afchpr\\\/#organization\",\"name\":\"African court on human and peoples' rights\",\"url\":\"https:\\\/\\\/www.african-court.org\\\/afchpr\\\/\",\"logo\":{\"@type\":\"ImageObject\",\"inLanguage\":\"en-US\",\"@id\":\"https:\\\/\\\/www.african-court.org\\\/afchpr\\\/#\\\/schema\\\/logo\\\/image\\\/\",\"url\":\"https:\\\/\\\/www.african-court.org\\\/wpafc\\\/wp-content\\\/uploads\\\/2020\\\/04\\\/African-Court-logo.png\",\"contentUrl\":\"https:\\\/\\\/www.african-court.org\\\/wpafc\\\/wp-content\\\/uploads\\\/2020\\\/04\\\/African-Court-logo.png\",\"width\":835,\"height\":835,\"caption\":\"African court on human and peoples' rights\"},\"image\":{\"@id\":\"https:\\\/\\\/www.african-court.org\\\/afchpr\\\/#\\\/schema\\\/logo\\\/image\\\/\"},\"sameAs\":[\"https:\\\/\\\/www.facebook.com\\\/afchpr\",\"https:\\\/\\\/www.youtube.com\\\/user\\\/africancourt\"]}]}<\/script>\n<!-- \/ Yoast SEO plugin. -->","yoast_head_json":{"title":"Compet\u00eancia Jurisdicional - African Court on Human and Peoples&#039; Rights","robots":{"index":"index","follow":"follow","max-snippet":"max-snippet:-1","max-image-preview":"max-image-preview:large","max-video-preview":"max-video-preview:-1"},"canonical":"https:\/\/www.african-court.org\/afchpr\/competencia-jurisdicional\/","og_locale":"en_US","og_type":"article","og_title":"Compet\u00eancia Jurisdicional - African Court on Human and Peoples&#039; Rights","og_description":"This is dummy title and will be replaced with real title of your post Home Category Child Category Compet\u00eancia em mat\u00e9ria Contenciosa Compet\u00eancia em mat\u00e9ria Consultiva Nos termos do Artigo 3.\u00ba do Protocolo, o Tribunal tem compet\u00eancia para conhecer de todos os casos e lit\u00edgios que lhe s\u00e3o submetidos relativos \u00e0 interpreta\u00e7\u00e3o e aplica\u00e7\u00e3o da [&hellip;]","og_url":"https:\/\/www.african-court.org\/afchpr\/competencia-jurisdicional\/?lang=pt-pt","og_site_name":"African Court on Human and Peoples&#039; Rights","article_publisher":"https:\/\/www.facebook.com\/afchpr","article_modified_time":"2025-03-15T09:20:43+00:00","twitter_card":"summary_large_image","twitter_misc":{"Est. reading time":"3 minutes"},"schema":{"@context":"https:\/\/schema.org","@graph":[{"@type":"WebPage","@id":"https:\/\/www.african-court.org\/afchpr\/competencia-jurisdicional\/?lang=pt-pt","url":"https:\/\/www.african-court.org\/afchpr\/competencia-jurisdicional\/?lang=pt-pt","name":"Compet\u00eancia Jurisdicional - African Court on Human and Peoples&#039; Rights","isPartOf":{"@id":"https:\/\/www.african-court.org\/afchpr\/#website"},"datePublished":"2020-04-01T12:46:55+00:00","dateModified":"2025-03-15T09:20:43+00:00","breadcrumb":{"@id":"https:\/\/www.african-court.org\/afchpr\/competencia-jurisdicional\/?lang=pt-pt#breadcrumb"},"inLanguage":"en-US","potentialAction":[{"@type":"ReadAction","target":["https:\/\/www.african-court.org\/afchpr\/competencia-jurisdicional\/?lang=pt-pt"]}]},{"@type":"BreadcrumbList","@id":"https:\/\/www.african-court.org\/afchpr\/competencia-jurisdicional\/?lang=pt-pt#breadcrumb","itemListElement":[{"@type":"ListItem","position":1,"name":"Home","item":"https:\/\/www.african-court.org\/afchpr\/"},{"@type":"ListItem","position":2,"name":"Compet\u00eancia Jurisdicional"}]},{"@type":"WebSite","@id":"https:\/\/www.african-court.org\/afchpr\/#website","url":"https:\/\/www.african-court.org\/afchpr\/","name":"African Court on Human and Peoples&#039; Rights","description":"Protecting human rights in Africa","publisher":{"@id":"https:\/\/www.african-court.org\/afchpr\/#organization"},"potentialAction":[{"@type":"SearchAction","target":{"@type":"EntryPoint","urlTemplate":"https:\/\/www.african-court.org\/afchpr\/?s={search_term_string}"},"query-input":{"@type":"PropertyValueSpecification","valueRequired":true,"valueName":"search_term_string"}}],"inLanguage":"en-US"},{"@type":"Organization","@id":"https:\/\/www.african-court.org\/afchpr\/#organization","name":"African court on human and peoples' rights","url":"https:\/\/www.african-court.org\/afchpr\/","logo":{"@type":"ImageObject","inLanguage":"en-US","@id":"https:\/\/www.african-court.org\/afchpr\/#\/schema\/logo\/image\/","url":"https:\/\/www.african-court.org\/wpafc\/wp-content\/uploads\/2020\/04\/African-Court-logo.png","contentUrl":"https:\/\/www.african-court.org\/wpafc\/wp-content\/uploads\/2020\/04\/African-Court-logo.png","width":835,"height":835,"caption":"African court on human and peoples' rights"},"image":{"@id":"https:\/\/www.african-court.org\/afchpr\/#\/schema\/logo\/image\/"},"sameAs":["https:\/\/www.facebook.com\/afchpr","https:\/\/www.youtube.com\/user\/africancourt"]}]}},"publishpress_future_action":{"enabled":false,"date":"2026-04-24 22:02:44","action":"change-status","newStatus":"draft","terms":[],"taxonomy":"translation_priority","extraData":[]},"publishpress_future_workflow_manual_trigger":{"enabledWorkflows":[]},"post_mailing_queue_ids":[],"_links":{"self":[{"href":"https:\/\/www.african-court.org\/afchpr\/wp-json\/wp\/v2\/pages\/5076","targetHints":{"allow":["GET"]}}],"collection":[{"href":"https:\/\/www.african-court.org\/afchpr\/wp-json\/wp\/v2\/pages"}],"about":[{"href":"https:\/\/www.african-court.org\/afchpr\/wp-json\/wp\/v2\/types\/page"}],"author":[{"embeddable":true,"href":"https:\/\/www.african-court.org\/afchpr\/wp-json\/wp\/v2\/users\/1"}],"replies":[{"embeddable":true,"href":"https:\/\/www.african-court.org\/afchpr\/wp-json\/wp\/v2\/comments?post=5076"}],"version-history":[{"count":9,"href":"https:\/\/www.african-court.org\/afchpr\/wp-json\/wp\/v2\/pages\/5076\/revisions"}],"predecessor-version":[{"id":19040,"href":"https:\/\/www.african-court.org\/afchpr\/wp-json\/wp\/v2\/pages\/5076\/revisions\/19040"}],"wp:attachment":[{"href":"https:\/\/www.african-court.org\/afchpr\/wp-json\/wp\/v2\/media?parent=5076"}],"curies":[{"name":"wp","href":"https:\/\/api.w.org\/{rel}","templated":true}]}}