{"id":5059,"date":"2020-04-14T11:00:07","date_gmt":"2020-04-14T08:00:07","guid":{"rendered":"http:\/\/www.african-court.org\/wpafc\/bem-vindo-ao-tribunal-africano\/"},"modified":"2025-03-15T11:19:20","modified_gmt":"2025-03-15T08:19:20","slug":"bem-vindo-ao-tribunal-africano","status":"publish","type":"page","link":"https:\/\/www.african-court.org\/afchpr\/bem-vindo-ao-tribunal-africano\/?lang=pt-pt","title":{"rendered":"Bem-vindo ao Tribunal Africano"},"content":{"rendered":"\t\t<div data-elementor-type=\"wp-page\" data-elementor-id=\"5059\" class=\"elementor elementor-5059 elementor-334\">\n\t\t\t\t<div class=\"elementor-element elementor-element-f08b429 e-grid e-con-full e-con e-parent\" data-id=\"f08b429\" data-element_type=\"container\" data-e-type=\"container\" data-settings=\"{&quot;background_background&quot;:&quot;classic&quot;}\">\n\t\t<div class=\"elementor-element elementor-element-472b4f72 e-con-full e-flex e-con e-child\" data-id=\"472b4f72\" data-element_type=\"container\" data-e-type=\"container\" data-settings=\"{&quot;background_background&quot;:&quot;classic&quot;}\">\n\t\t\t\t<div class=\"elementor-element elementor-element-6ea86881 elementor-widget elementor-widget-jnews_post_title_elementor\" data-id=\"6ea86881\" data-element_type=\"widget\" data-e-type=\"widget\" data-widget_type=\"jnews_post_title_elementor.default\">\n\t\t\t\t<div class=\"elementor-widget-container\">\n\t\t\t\t\t<div  class='jeg_custom_title_wrapper   '>\n                <h1 class=\"jeg_post_title\">Bem-vindo ao Tribunal Africano<\/h1>\n            <\/div>\t\t\t\t<\/div>\n\t\t\t\t<\/div>\n\t\t\t\t<div class=\"elementor-element elementor-element-274d0a68 elementor-widget elementor-widget-jnews_post_breadcrumb_elementor\" data-id=\"274d0a68\" data-element_type=\"widget\" data-e-type=\"widget\" data-widget_type=\"jnews_post_breadcrumb_elementor.default\">\n\t\t\t\t<div class=\"elementor-widget-container\">\n\t\t\t\t\t<div  class='jeg_custom_breadcrumb_wrapper   '><\/div>\t\t\t\t<\/div>\n\t\t\t\t<\/div>\n\t\t\t\t<div class=\"elementor-element elementor-element-7c714b2d elementor-widget-divider--view-line elementor-widget elementor-widget-divider\" data-id=\"7c714b2d\" data-element_type=\"widget\" data-e-type=\"widget\" data-widget_type=\"divider.default\">\n\t\t\t\t<div class=\"elementor-widget-container\">\n\t\t\t\t\t\t\t<div class=\"elementor-divider\">\n\t\t\t<span class=\"elementor-divider-separator\">\n\t\t\t\t\t\t<\/span>\n\t\t<\/div>\n\t\t\t\t\t\t<\/div>\n\t\t\t\t<\/div>\n\t\t\t\t<div class=\"elementor-element elementor-element-37ca03b0 e-n-tabs-mobile elementor-widget elementor-widget-n-tabs\" data-id=\"37ca03b0\" data-element_type=\"widget\" data-e-type=\"widget\" data-settings=\"{&quot;horizontal_scroll&quot;:&quot;disable&quot;}\" data-widget_type=\"nested-tabs.default\">\n\t\t\t\t<div class=\"elementor-widget-container\">\n\t\t\t\t\t\t\t<div class=\"e-n-tabs\" data-widget-number=\"935986096\" aria-label=\"Tabs. Open items with Enter or Space, close with Escape and navigate using the Arrow keys.\">\n\t\t\t<div class=\"e-n-tabs-heading\" role=\"tablist\">\n\t\t\t\t\t<button id=\"e-n-tab-title-9359860961\" data-tab-title-id=\"e-n-tab-title-9359860961\" class=\"e-n-tab-title\" aria-selected=\"true\" data-tab-index=\"1\" role=\"tab\" tabindex=\"0\" aria-controls=\"e-n-tab-content-9359860961\" style=\"--n-tabs-title-order: 1;\">\n\t\t\t\t\t\t<span class=\"e-n-tab-title-text\">\n\t\t\t\tIntrodu\u00e7\u00e3o ao Tribunal\t\t\t<\/span>\n\t\t<\/button>\n\t\t\t\t<button id=\"e-n-tab-title-9359860962\" data-tab-title-id=\"e-n-tab-title-9359860962\" class=\"e-n-tab-title\" aria-selected=\"false\" data-tab-index=\"2\" role=\"tab\" tabindex=\"-1\" aria-controls=\"e-n-tab-content-9359860962\" style=\"--n-tabs-title-order: 2;\">\n\t\t\t\t\t\t<span class=\"e-n-tab-title-text\">\n\t\t\t\tComposi\u00e7\u00e3o do Tribunal Africano\t\t\t<\/span>\n\t\t<\/button>\n\t\t\t\t\t<\/div>\n\t\t\t<div class=\"e-n-tabs-content\">\n\t\t\t\t<div id=\"e-n-tab-content-9359860961\" role=\"tabpanel\" aria-labelledby=\"e-n-tab-title-9359860961\" data-tab-index=\"1\" style=\"--n-tabs-title-order: 1;\" class=\"e-active elementor-element elementor-element-17a6fd88 e-con-full e-flex e-con e-child\" data-id=\"17a6fd88\" data-element_type=\"container\" data-e-type=\"container\">\n\t\t\t\t<div class=\"elementor-element elementor-element-37ddd7e0 elementor-widget elementor-widget-text-editor\" data-id=\"37ddd7e0\" data-element_type=\"widget\" data-e-type=\"widget\" data-widget_type=\"text-editor.default\">\n\t\t\t\t<div class=\"elementor-widget-container\">\n\t\t\t\t\t\t\t\t\t<p>O Tribunal Africano dos Direitos do Homem e dos Povos (o Tribunal) \u00e9 um tribunal de \u00e2mbito continental estatu\u00eddo pelos Estados Membros da Uni\u00e3o Africana para garantir a defesa dos direitos humanos e dos povos em \u00c1frica. O Tribunal complementa e refor\u00e7a as fun\u00e7\u00f5es da Comiss\u00e3o Africana dos Direitos do Homem e dos Povos.<\/p>\n<p>O Tribunal foi estatu\u00eddo nos termos do Artigo 1\u00ba do Protocolo da Carta Africana dos Direitos do Homem e dos Povos relativo \u00e0 Cria\u00e7\u00e3o de um Tribunal Africano dos Direitos do Homem e dos Povos (o Protocolo), que foi adoptado pelos Estados Membros da ent\u00e3o Organiza\u00e7\u00e3o da Unidade Africana (OUA), em Ouagadougou, Burkina Faso, em Junho de 1998. O Protocolo entrou em vigor a 25 de Janeiro de 2004.<\/p>\n<p>Os\u00a0<strong>34 Estados<\/strong>\u00a0que ratificaram o Protocolo s\u00e3o:\u00a0<strong>Arg\u00e9lia, Benin, Burkina Faso, Burundi, Camar\u00f5es, Chade, C\u00f4te d\u2019Ivoire, Comores, Congo, Rep\u00fablica Democr\u00e1tica do Congo, Gab\u00e3o, G\u00e2mbia, Gana, Guin\u00e9-Bissau, Qu\u00e9nia, L\u00edbia, Lesoto, Mali, Malawi, Mo\u00e7ambique, Maurit\u00e2nia, Maur\u00edcias, Nig\u00e9ria, N\u00edger, Ruanda, Rep\u00fablica \u00c1rabe Saharaui Democr\u00e1tica, \u00c1frica do Sul, Senegal, Tanz\u00e2nia, Togo, Tun\u00edsia, Uganda<\/strong>\u00a0e\u00a0<strong>Z\u00e2mbia<\/strong>.<\/p>\n<p>At\u00e9 \u00e0 data, apenas\u00a0<strong>oito (8)<\/strong>\u00a0dos trinta e quatro (34) Estados Partes no Protocolo depositaram a declara\u00e7\u00e3o a reconhecer a compet\u00eancia do Tribunal para conhecer de casos apresentados directamente por ONGs e indiv\u00edduos particulares. Os oito Estados s\u00e3o:\u00a0<a href=\"https:\/\/www.african-court.org\/afchpr\/wp-content\/uploads\/2020\/10\/Declaration_Burkina_Faso.pdf\">Burkina Faso<\/a>,\u00a0<a href=\"https:\/\/www.african-court.org\/afchpr\/wp-content\/uploads\/2020\/10\/Gambia-Declaration.pdf\">G\u00e2mbia<\/a>,\u00a0<a href=\"https:\/\/www.african-court.org\/afchpr\/wp-content\/uploads\/2020\/10\/Ghana_declaration.pdf\">Gana<\/a>,\u00a0<strong><a href=\"https:\/\/www.african-court.org\/afchpr\/bem-vindo-ao-tribunal-africano\/?lang=pt-pt#\">Guin\u00e9-Bissau<\/a><\/strong>\u00a0<a href=\"https:\/\/www.african-court.org\/afchpr\/wp-content\/uploads\/2020\/10\/Declaration_Mali.pdf\">Mali<\/a>,\u00a0<a href=\"https:\/\/www.african-court.org\/afchpr\/wp-content\/uploads\/2020\/10\/Declaration_Malawi.pdf\">Malawi\u00a0<\/a>,\u00a0<a href=\"https:\/\/www.african-court.org\/afchpr\/bem-vindo-ao-tribunal-africano\/?lang=pt-pt#\">N\u00edger\u00a0<\/a>e\u00a0<a href=\"https:\/\/www.african-court.org\/afchpr\/wp-content\/uploads\/2020\/10\/27156_Decleration-By-Tunisia_2017060707274900.pdf\">Tun\u00edsia<\/a>.*<\/p>\n<p>A Compet\u00eancia em Mat\u00e9ria de Contencioso do Tribunal aplica-se a todos os casos e lit\u00edgios que lhe sejam submetidos relacionados com a interpreta\u00e7\u00e3o e aplica\u00e7\u00e3o da Carta Africana dos Direitos do Homem e dos Povos (a Carta), do Protocolo e de qualquer outro instrumento relevante em mat\u00e9ria de direitos humanos ratificado pelos Estados em causa.<\/p>\n<p>Relativamente \u00e0 Compet\u00eancia Consultiva, o Tribunal pode, a pedido de um Estado Membro da Uni\u00e3o Africana, da Uni\u00e3o Africana (UA), de qualquer um dos \u00f3rg\u00e3os da Uni\u00e3o Africana ou organiza\u00e7\u00e3o africana reconhecida pela Uni\u00e3o Africana, emitir um parecer sobre qualquer quest\u00e3o de natureza jur\u00eddica relacionada com a Carta ou outros instrumentos de direitos humanos pertinentes, desde que o objecto do parecer n\u00e3o esteja relacionado com uma quest\u00e3o que est\u00e1 a ser examinada pela Comiss\u00e3o.<\/p>\t\t\t\t\t\t\t\t<\/div>\n\t\t\t\t<\/div>\n\t\t\t\t<\/div>\n\t\t<div id=\"e-n-tab-content-9359860962\" role=\"tabpanel\" aria-labelledby=\"e-n-tab-title-9359860962\" data-tab-index=\"2\" style=\"--n-tabs-title-order: 2;\" class=\" elementor-element elementor-element-342e83e8 e-con-full e-flex e-con e-child\" data-id=\"342e83e8\" data-element_type=\"container\" data-e-type=\"container\">\n\t\t\t\t<div class=\"elementor-element elementor-element-21384d7b elementor-widget elementor-widget-text-editor\" data-id=\"21384d7b\" data-element_type=\"widget\" data-e-type=\"widget\" data-widget_type=\"text-editor.default\">\n\t\t\t\t<div class=\"elementor-widget-container\">\n\t\t\t\t\t\t\t\t\t<p>O Tribunal \u00e9 composto por onze Ju\u00edzes que s\u00e3o cidad\u00e3os dos Estados Membros da Uni\u00e3o Africana. Os primeiros Ju\u00edzes do Tribunal foram eleitos em Janeiro de 2006, em Cartum, Sud\u00e3o. Tomaram posse perante a 7<sup>\u00aa<\/sup>\u00a0Cimeira da Confer\u00eancia dos Chefes de Estado e de Governo da Uni\u00e3o Africana, a\u00a0<sup>2<\/sup>\u00a0de Julho de 2006, em Banjul, G\u00e2mbia.<\/p>\n<p>Ap\u00f3s indica\u00e7\u00e3o pelos seus respectivos Estados, os Ju\u00edzes do Tribunal s\u00e3o eleitos, a t\u00edtulo pessoal, de entre juristas africanos de comprovada integridade e reconhecida compet\u00eancia pr\u00e1tica, judicial ou acad\u00e9mica e experi\u00eancia no dom\u00ednio dos direitos humanos.<\/p>\n<p>Os ju\u00edzes s\u00e3o eleitos para um mandato de seis anos, renov\u00e1vel uma vez.<\/p>\n<p>Os ju\u00edzes do Tribunal elegem de entre si, o Presidente e o Vice-Presidente do Tribunal para um mandato de dois anos. Podem ser reeleitos apenas uma vez. O Presidente do Tribunal fixa a sua resid\u00eancia e exerce fun\u00e7\u00f5es a tempo integral na sede do Tribunal, enquanto os outros dez (10) Ju\u00edzes exercem fun\u00e7\u00f5es em regime de tempo parcial. No desempenho das suas fun\u00e7\u00f5es, o Presidente \u00e9 assistido pelo Escriv\u00e3o, que assegura as fun\u00e7\u00f5es de cart\u00f3rio, de gest\u00e3o e administrativas do Tribunal.<\/p>\n<p>O Tribunal entrou oficialmente em funcionamento em Adis-Abeba, Eti\u00f3pia, em Novembro de 2006. Em Agosto de 2007, transferiu-se para a sua sede em Arusha, Rep\u00fablica Unida da Tanz\u00e2nia. Entre 2006 e 2008, o Tribunal lidou principalmente com quest\u00f5es de \u00edndole operacional e administrativa, incluindo o desenvolvimento da estrutura do Cart\u00f3rio do Tribunal, a elabora\u00e7\u00e3o do seu or\u00e7amento e do seu Regulamento Provis\u00f3rio.<\/p>\n<p>Em 2008, durante a sua 9.\u00aa Sess\u00e3o Ordin\u00e1ria, o Tribunal adoptou o seu Regulamento Provis\u00f3rio, na pend\u00eancia de consultas com a Comiss\u00e3o Africana dos Direitos do Homem e dos Povos, com vista \u00e0 harmoniza\u00e7\u00e3o dos seus regulamentos. Este processo de harmoniza\u00e7\u00e3o foi conclu\u00eddo em Abril de 2010 e, em Junho de 2010, o Tribunal aprovou o seu Regulamento Final*. O Tribunal pode conhecer de casos apresentados pela Comiss\u00e3o Africana dos Direitos do Homem e dos Povos, pelos Estados Partes no Protocolo ou por Organiza\u00e7\u00f5es Intergovernamentais Africanas. Organiza\u00e7\u00f5es N\u00e3o Governamentais com estatuto de observador junto da Comiss\u00e3o Africana e indiv\u00edduos particulares podem apresentar casos directamente ao Tribunal, desde que o Estado contra o qual a ac\u00e7\u00e3o \u00e9 interposta tenha depositado a declara\u00e7\u00e3o nos termos do Artigo 34(6) a reconhecer a compet\u00eancia do Tribunal para conhecer de casos apresentados por indiv\u00edduos particulares e ONGs.<\/p>\n<p><strong>*<a href=\"https:\/\/www.african-court.org\/afchpr\/wp-content\/uploads\/2020\/10\/Withdrawal-Rwanda.pdf\">Ruanda<\/a>\u00a0retirou a sua declara\u00e7\u00e3o em 2017,\u00a0<a href=\"https:\/\/www.african-court.org\/afchpr\/wp-content\/uploads\/2020\/10\/Withdrawal-Tanzania_E.pdf\">Tanz\u00e2nia\u00a0<\/a>em 2019;\u00a0<a href=\"https:\/\/www.african-court.org\/afchpr\/wp-content\/uploads\/2020\/10\/withdrawal-Cote-divoire.pdf\">C\u00f4te d\u2019Ivoire<\/a>\u00a0e\u00a0<a href=\"https:\/\/www.african-court.org\/afchpr\/wp-content\/uploads\/2020\/10\/Withdrawal-Benin.pdf\">Benin\u00a0<\/a>em 2020.<\/strong><\/p>\n<p><strong>Durante a sua 58<sup>.\u00aa<\/sup>\u00a0Sess\u00e3o Ordin\u00e1ria (<\/strong>31 de agosto a 25 de setembro de 2020<strong>), o Tribunal adoptou o\u00a0<a href=\"https:\/\/www.african-court.org\/afchpr\/wp-content\/uploads\/2021\/03\/RULES-OF-THE-COURT-25-September-2020.pdf\">novo Regulamento<\/a>, que entrou em vigor a 25 de Setembro de 2020.<\/strong><\/p>\n<p><\/p>\t\t\t\t\t\t\t\t<\/div>\n\t\t\t\t<\/div>\n\t\t\t\t<\/div>\n\t\t\t\t\t<\/div>\n\t\t<\/div>\n\t\t\t\t\t\t<\/div>\n\t\t\t\t<\/div>\n\t\t\t\t<\/div>\n\t\t\t\t<\/div>\n\t\t\t\t<\/div>\n\t\t","protected":false},"excerpt":{"rendered":"<p>This is dummy title and will be replaced with real title of your post Home Category Child Category Introdu\u00e7\u00e3o ao Tribunal Composi\u00e7\u00e3o do Tribunal Africano O Tribunal Africano dos Direitos do Homem e dos Povos (o Tribunal) \u00e9 um tribunal de \u00e2mbito continental estatu\u00eddo pelos Estados Membros da Uni\u00e3o Africana para garantir a defesa dos [&hellip;]<\/p>\n","protected":false},"author":1,"featured_media":0,"parent":0,"menu_order":0,"comment_status":"closed","ping_status":"closed","template":"","meta":{"jnews_page_loop":[],"jnews_single_page":[],"jnews_social_meta":[],"footnotes":""},"class_list":["post-5059","page","type-page","status-publish","hentry"],"yoast_head":"<!-- This site is optimized with the Yoast SEO plugin v27.4 - https:\/\/yoast.com\/product\/yoast-seo-wordpress\/ -->\n<title>Bem-vindo ao Tribunal Africano - African Court on Human and Peoples&#039; Rights<\/title>\n<meta name=\"robots\" content=\"index, follow, max-snippet:-1, max-image-preview:large, max-video-preview:-1\" \/>\n<link rel=\"canonical\" href=\"https:\/\/www.african-court.org\/afchpr\/bem-vindo-ao-tribunal-africano\/\" \/>\n<meta property=\"og:locale\" content=\"en_US\" \/>\n<meta property=\"og:type\" content=\"article\" \/>\n<meta property=\"og:title\" content=\"Bem-vindo ao Tribunal Africano - African Court on Human and Peoples&#039; Rights\" \/>\n<meta property=\"og:description\" content=\"This is dummy title and will be replaced with real title of your post Home Category Child Category Introdu\u00e7\u00e3o ao Tribunal Composi\u00e7\u00e3o do Tribunal Africano O Tribunal Africano dos Direitos do Homem e dos Povos (o Tribunal) \u00e9 um tribunal de \u00e2mbito continental estatu\u00eddo pelos Estados Membros da Uni\u00e3o Africana para garantir a defesa dos [&hellip;]\" \/>\n<meta property=\"og:url\" content=\"https:\/\/www.african-court.org\/afchpr\/bem-vindo-ao-tribunal-africano\/?lang=pt-pt\" \/>\n<meta property=\"og:site_name\" content=\"African Court on Human and Peoples&#039; Rights\" \/>\n<meta property=\"article:publisher\" content=\"https:\/\/www.facebook.com\/afchpr\" \/>\n<meta property=\"article:modified_time\" content=\"2025-03-15T08:19:20+00:00\" \/>\n<meta name=\"twitter:card\" content=\"summary_large_image\" \/>\n<meta name=\"twitter:label1\" content=\"Est. reading time\" \/>\n\t<meta name=\"twitter:data1\" content=\"9 minutes\" \/>\n<script type=\"application\/ld+json\" class=\"yoast-schema-graph\">{\"@context\":\"https:\\\/\\\/schema.org\",\"@graph\":[{\"@type\":\"WebPage\",\"@id\":\"https:\\\/\\\/www.african-court.org\\\/afchpr\\\/bem-vindo-ao-tribunal-africano\\\/?lang=pt-pt\",\"url\":\"https:\\\/\\\/www.african-court.org\\\/afchpr\\\/bem-vindo-ao-tribunal-africano\\\/?lang=pt-pt\",\"name\":\"Bem-vindo ao Tribunal Africano - African Court on Human and Peoples&#039; Rights\",\"isPartOf\":{\"@id\":\"https:\\\/\\\/www.african-court.org\\\/afchpr\\\/#website\"},\"datePublished\":\"2020-04-14T08:00:07+00:00\",\"dateModified\":\"2025-03-15T08:19:20+00:00\",\"breadcrumb\":{\"@id\":\"https:\\\/\\\/www.african-court.org\\\/afchpr\\\/bem-vindo-ao-tribunal-africano\\\/?lang=pt-pt#breadcrumb\"},\"inLanguage\":\"en-US\",\"potentialAction\":[{\"@type\":\"ReadAction\",\"target\":[\"https:\\\/\\\/www.african-court.org\\\/afchpr\\\/bem-vindo-ao-tribunal-africano\\\/?lang=pt-pt\"]}]},{\"@type\":\"BreadcrumbList\",\"@id\":\"https:\\\/\\\/www.african-court.org\\\/afchpr\\\/bem-vindo-ao-tribunal-africano\\\/?lang=pt-pt#breadcrumb\",\"itemListElement\":[{\"@type\":\"ListItem\",\"position\":1,\"name\":\"Home\",\"item\":\"https:\\\/\\\/www.african-court.org\\\/afchpr\\\/\"},{\"@type\":\"ListItem\",\"position\":2,\"name\":\"Bem-vindo ao Tribunal Africano\"}]},{\"@type\":\"WebSite\",\"@id\":\"https:\\\/\\\/www.african-court.org\\\/afchpr\\\/#website\",\"url\":\"https:\\\/\\\/www.african-court.org\\\/afchpr\\\/\",\"name\":\"African Court on Human and Peoples&#039; Rights\",\"description\":\"Protecting human rights in Africa\",\"publisher\":{\"@id\":\"https:\\\/\\\/www.african-court.org\\\/afchpr\\\/#organization\"},\"potentialAction\":[{\"@type\":\"SearchAction\",\"target\":{\"@type\":\"EntryPoint\",\"urlTemplate\":\"https:\\\/\\\/www.african-court.org\\\/afchpr\\\/?s={search_term_string}\"},\"query-input\":{\"@type\":\"PropertyValueSpecification\",\"valueRequired\":true,\"valueName\":\"search_term_string\"}}],\"inLanguage\":\"en-US\"},{\"@type\":\"Organization\",\"@id\":\"https:\\\/\\\/www.african-court.org\\\/afchpr\\\/#organization\",\"name\":\"African court on human and peoples' rights\",\"url\":\"https:\\\/\\\/www.african-court.org\\\/afchpr\\\/\",\"logo\":{\"@type\":\"ImageObject\",\"inLanguage\":\"en-US\",\"@id\":\"https:\\\/\\\/www.african-court.org\\\/afchpr\\\/#\\\/schema\\\/logo\\\/image\\\/\",\"url\":\"https:\\\/\\\/www.african-court.org\\\/wpafc\\\/wp-content\\\/uploads\\\/2020\\\/04\\\/African-Court-logo.png\",\"contentUrl\":\"https:\\\/\\\/www.african-court.org\\\/wpafc\\\/wp-content\\\/uploads\\\/2020\\\/04\\\/African-Court-logo.png\",\"width\":835,\"height\":835,\"caption\":\"African court on human and peoples' rights\"},\"image\":{\"@id\":\"https:\\\/\\\/www.african-court.org\\\/afchpr\\\/#\\\/schema\\\/logo\\\/image\\\/\"},\"sameAs\":[\"https:\\\/\\\/www.facebook.com\\\/afchpr\",\"https:\\\/\\\/www.youtube.com\\\/user\\\/africancourt\"]}]}<\/script>\n<!-- \/ Yoast SEO plugin. -->","yoast_head_json":{"title":"Bem-vindo ao Tribunal Africano - African Court on Human and Peoples&#039; Rights","robots":{"index":"index","follow":"follow","max-snippet":"max-snippet:-1","max-image-preview":"max-image-preview:large","max-video-preview":"max-video-preview:-1"},"canonical":"https:\/\/www.african-court.org\/afchpr\/bem-vindo-ao-tribunal-africano\/","og_locale":"en_US","og_type":"article","og_title":"Bem-vindo ao Tribunal Africano - African Court on Human and Peoples&#039; Rights","og_description":"This is dummy title and will be replaced with real title of your post Home Category Child Category Introdu\u00e7\u00e3o ao Tribunal Composi\u00e7\u00e3o do Tribunal Africano O Tribunal Africano dos Direitos do Homem e dos Povos (o Tribunal) \u00e9 um tribunal de \u00e2mbito continental estatu\u00eddo pelos Estados Membros da Uni\u00e3o Africana para garantir a defesa dos [&hellip;]","og_url":"https:\/\/www.african-court.org\/afchpr\/bem-vindo-ao-tribunal-africano\/?lang=pt-pt","og_site_name":"African Court on Human and Peoples&#039; Rights","article_publisher":"https:\/\/www.facebook.com\/afchpr","article_modified_time":"2025-03-15T08:19:20+00:00","twitter_card":"summary_large_image","twitter_misc":{"Est. reading time":"9 minutes"},"schema":{"@context":"https:\/\/schema.org","@graph":[{"@type":"WebPage","@id":"https:\/\/www.african-court.org\/afchpr\/bem-vindo-ao-tribunal-africano\/?lang=pt-pt","url":"https:\/\/www.african-court.org\/afchpr\/bem-vindo-ao-tribunal-africano\/?lang=pt-pt","name":"Bem-vindo ao Tribunal Africano - African Court on Human and Peoples&#039; Rights","isPartOf":{"@id":"https:\/\/www.african-court.org\/afchpr\/#website"},"datePublished":"2020-04-14T08:00:07+00:00","dateModified":"2025-03-15T08:19:20+00:00","breadcrumb":{"@id":"https:\/\/www.african-court.org\/afchpr\/bem-vindo-ao-tribunal-africano\/?lang=pt-pt#breadcrumb"},"inLanguage":"en-US","potentialAction":[{"@type":"ReadAction","target":["https:\/\/www.african-court.org\/afchpr\/bem-vindo-ao-tribunal-africano\/?lang=pt-pt"]}]},{"@type":"BreadcrumbList","@id":"https:\/\/www.african-court.org\/afchpr\/bem-vindo-ao-tribunal-africano\/?lang=pt-pt#breadcrumb","itemListElement":[{"@type":"ListItem","position":1,"name":"Home","item":"https:\/\/www.african-court.org\/afchpr\/"},{"@type":"ListItem","position":2,"name":"Bem-vindo ao Tribunal Africano"}]},{"@type":"WebSite","@id":"https:\/\/www.african-court.org\/afchpr\/#website","url":"https:\/\/www.african-court.org\/afchpr\/","name":"African Court on Human and Peoples&#039; Rights","description":"Protecting human rights in Africa","publisher":{"@id":"https:\/\/www.african-court.org\/afchpr\/#organization"},"potentialAction":[{"@type":"SearchAction","target":{"@type":"EntryPoint","urlTemplate":"https:\/\/www.african-court.org\/afchpr\/?s={search_term_string}"},"query-input":{"@type":"PropertyValueSpecification","valueRequired":true,"valueName":"search_term_string"}}],"inLanguage":"en-US"},{"@type":"Organization","@id":"https:\/\/www.african-court.org\/afchpr\/#organization","name":"African court on human and peoples' rights","url":"https:\/\/www.african-court.org\/afchpr\/","logo":{"@type":"ImageObject","inLanguage":"en-US","@id":"https:\/\/www.african-court.org\/afchpr\/#\/schema\/logo\/image\/","url":"https:\/\/www.african-court.org\/wpafc\/wp-content\/uploads\/2020\/04\/African-Court-logo.png","contentUrl":"https:\/\/www.african-court.org\/wpafc\/wp-content\/uploads\/2020\/04\/African-Court-logo.png","width":835,"height":835,"caption":"African court on human and peoples' rights"},"image":{"@id":"https:\/\/www.african-court.org\/afchpr\/#\/schema\/logo\/image\/"},"sameAs":["https:\/\/www.facebook.com\/afchpr","https:\/\/www.youtube.com\/user\/africancourt"]}]}},"publishpress_future_action":{"enabled":false,"date":"2026-04-26 06:33:44","action":"change-status","newStatus":"draft","terms":[],"taxonomy":"translation_priority","extraData":[]},"publishpress_future_workflow_manual_trigger":{"enabledWorkflows":[]},"post_mailing_queue_ids":[],"_links":{"self":[{"href":"https:\/\/www.african-court.org\/afchpr\/wp-json\/wp\/v2\/pages\/5059","targetHints":{"allow":["GET"]}}],"collection":[{"href":"https:\/\/www.african-court.org\/afchpr\/wp-json\/wp\/v2\/pages"}],"about":[{"href":"https:\/\/www.african-court.org\/afchpr\/wp-json\/wp\/v2\/types\/page"}],"author":[{"embeddable":true,"href":"https:\/\/www.african-court.org\/afchpr\/wp-json\/wp\/v2\/users\/1"}],"replies":[{"embeddable":true,"href":"https:\/\/www.african-court.org\/afchpr\/wp-json\/wp\/v2\/comments?post=5059"}],"version-history":[{"count":18,"href":"https:\/\/www.african-court.org\/afchpr\/wp-json\/wp\/v2\/pages\/5059\/revisions"}],"predecessor-version":[{"id":19022,"href":"https:\/\/www.african-court.org\/afchpr\/wp-json\/wp\/v2\/pages\/5059\/revisions\/19022"}],"wp:attachment":[{"href":"https:\/\/www.african-court.org\/afchpr\/wp-json\/wp\/v2\/media?parent=5059"}],"curies":[{"name":"wp","href":"https:\/\/api.w.org\/{rel}","templated":true}]}}