{"id":5043,"date":"2020-10-21T20:47:34","date_gmt":"2020-10-21T17:47:34","guid":{"rendered":"http:\/\/www.african-court.org\/wpafc\/declaracoes\/"},"modified":"2025-03-20T21:04:05","modified_gmt":"2025-03-20T18:04:05","slug":"declaracoes","status":"publish","type":"page","link":"https:\/\/www.african-court.org\/afchpr\/declaracoes\/?lang=pt-pt","title":{"rendered":"Declara\u00e7\u00f5es"},"content":{"rendered":"\t\t<div data-elementor-type=\"wp-page\" data-elementor-id=\"5043\" class=\"elementor elementor-5043 elementor-4172\">\n\t\t\t\t<div class=\"elementor-element elementor-element-388e06a6 e-grid e-con-full e-con e-parent\" data-id=\"388e06a6\" data-element_type=\"container\" data-e-type=\"container\" data-settings=\"{&quot;background_background&quot;:&quot;classic&quot;}\">\n\t\t<div class=\"elementor-element elementor-element-5f03db0b e-con-full e-flex e-con e-child\" data-id=\"5f03db0b\" data-element_type=\"container\" data-e-type=\"container\" data-settings=\"{&quot;background_background&quot;:&quot;classic&quot;}\">\n\t\t\t\t<div class=\"elementor-element elementor-element-197eccb7 elementor-widget elementor-widget-jnews_post_title_elementor\" data-id=\"197eccb7\" data-element_type=\"widget\" data-e-type=\"widget\" data-widget_type=\"jnews_post_title_elementor.default\">\n\t\t\t\t<div class=\"elementor-widget-container\">\n\t\t\t\t\t<div  class='jeg_custom_title_wrapper   '>\n                <h1 class=\"jeg_post_title\">Declara\u00e7\u00f5es<\/h1>\n            <\/div>\t\t\t\t<\/div>\n\t\t\t\t<\/div>\n\t\t\t\t<div class=\"elementor-element elementor-element-32398630 elementor-widget elementor-widget-jnews_post_breadcrumb_elementor\" data-id=\"32398630\" data-element_type=\"widget\" data-e-type=\"widget\" data-widget_type=\"jnews_post_breadcrumb_elementor.default\">\n\t\t\t\t<div class=\"elementor-widget-container\">\n\t\t\t\t\t<div  class='jeg_custom_breadcrumb_wrapper   '><\/div>\t\t\t\t<\/div>\n\t\t\t\t<\/div>\n\t\t\t\t<div class=\"elementor-element elementor-element-7cb7de82 elementor-widget-divider--view-line elementor-widget elementor-widget-divider\" data-id=\"7cb7de82\" data-element_type=\"widget\" data-e-type=\"widget\" data-widget_type=\"divider.default\">\n\t\t\t\t<div class=\"elementor-widget-container\">\n\t\t\t\t\t\t\t<div class=\"elementor-divider\">\n\t\t\t<span class=\"elementor-divider-separator\">\n\t\t\t\t\t\t<\/span>\n\t\t<\/div>\n\t\t\t\t\t\t<\/div>\n\t\t\t\t<\/div>\n\t\t\t\t<div class=\"elementor-element elementor-element-683d6d4b elementor-widget elementor-widget-text-editor\" data-id=\"683d6d4b\" data-element_type=\"widget\" data-e-type=\"widget\" data-widget_type=\"text-editor.default\">\n\t\t\t\t<div class=\"elementor-widget-container\">\n\t\t\t\t\t\t\t\t\t<blockquote class=\"wp-block-quote\">\n<p style=\"font-size: 15px; color: black;\"><em><strong>O Artigo 34.\u00ba<\/strong> do Protocolo [Ratification] estipula que \u00abno momento da ratifica\u00e7\u00e3o do presente Protocolo ou em qualquer momento posterior, o Estado far\u00e1 uma declara\u00e7\u00e3o a aceitar a compet\u00eancia do Tribunal para conhecer de processos interpostos nos termos do n.\u00ba 3 do Artigo 5.\u00ba do Protocolo. O Tribunal n\u00e3o receber\u00e1 qualquer peti\u00e7\u00e3o ao abrigo do n.\u00ba 3 do Artigo 5.\u00ba que envolva um Estado que n\u00e3o tenha feito tal declara\u00e7\u00e3o.\u00bb O n.\u00ba 3 do Artigo 5.\u00ba estabelece o seguinte: \u00abO Tribunal pode conferir \u00e0s Organiza\u00e7\u00f5es N\u00e3o-Governamentais (ONGs) relevantes o estatuto de observador junto \u00e0 Comiss\u00e3o e utorizar que indiv\u00edduos particulares instituam processos directamente perante o Tribunal, em conformidade com o n.\u00ba 6 do Artigo 34.\u00ba do presente Protocolo..<\/em><\/p>\n<\/blockquote>\t\t\t\t\t\t\t\t<\/div>\n\t\t\t\t<\/div>\n\t\t\t\t<div class=\"elementor-element elementor-element-17abf17d elementor-widget elementor-widget-html\" data-id=\"17abf17d\" data-element_type=\"widget\" data-e-type=\"widget\" data-widget_type=\"html.default\">\n\t\t\t\t<div class=\"elementor-widget-container\">\n\t\t\t\t\t<style>\r\n  \r\n\r\n    .list-container {\r\n       \r\n    }\r\n\r\n    .list-header, .list-item {\r\n        display: flex;\r\n        justify-content: space-between;\r\n        align-items: center;\r\n        padding: 12px;\r\n        border-bottom: 1px solid #ddd;\r\n    }\r\n\r\n    .list-header {\r\n        font-weight: bold;\r\n        background: #9f2241;\r\n        color: white;\r\n        border-radius: 12px 12px 0 0;\r\n    }\r\n\r\n    .list-item {\r\n        background: white;\r\n        transition: 0.3s;\r\n    }\r\n\r\n    .list-item:nth-child(even) {\r\n        background: #f8f9fa;\r\n    }\r\n\r\n    .list-item:hover {\r\n        background: #e9ecef;\r\n    }\r\n\r\n    .column {\r\n        flex: 1;\r\n        text-align: center;\r\n        padding: 5px;\r\n    }\r\n\r\n    .country-name {\r\n        font-weight: bold;\r\n        color: #000;\r\n    }\r\n\r\n    .download-btn {\r\n        display: inline-block;\r\n        background: #1f6529;\r\n        color: white;\r\n        padding: 6px 10px;\r\n        border-radius: 6px;\r\n        text-decoration: none;\r\n        font-weight: bold;\r\n        transition: 0.3s;\r\n        font-size: 14px;\r\n    }\r\n\r\n    .download-btn:hover {\r\n        background: #c9c09b;\r\n    }\r\n\r\n    .withdrawal {\r\n        color: #9f2241;\r\n        font-weight: bold;\r\n    }\r\n    \r\n     \/* Media query for mobile devices below 769px *\/\r\n    @media (max-width: 769px) {\r\n        .list-header, .list-item {\r\n            flex-direction: column;\r\n            align-items: flex-start; \/* Align items to the left *\/\r\n        }\r\n\r\n        .column {\r\n            width: 100%; \/* Make each column take full width *\/\r\n            text-align: left; \/* Align text to the left *\/\r\n            padding: 10px 0; \/* Add padding for better spacing *\/\r\n        }\r\n\r\n        .list-item:hover {\r\n            background: #f0f0f0; \/* Light hover effect *\/\r\n        }\r\n\r\n        .download-btn {\r\n            width: 100%; \/* Make download button full width *\/\r\n            text-align: center; \/* Center the button *\/\r\n            margin-top: 10px; \/* Add some space above the button *\/\r\n        }\r\n    } \r\n    \r\n    \r\n    \r\n    \r\n<\/style>\r\n\r\n<div class=\"list-container\">\r\n    <div class=\"list-header\">\r\n        <div class=\"column\">Pa\u00eds<\/div>\r\n        <div class=\"column\">Assinatura<\/div>\r\n        <div class=\"column\">Apresenta\u00e7\u00e3o<\/div>\r\n        <div class=\"column\">Declara\u00e7\u00e3o<\/div>\r\n        <div class=\"column\">Retirados<\/div>\r\n    <\/div>\r\n\r\n    <div class=\"list-item\">\r\n        <div class=\"column country-name\">Burkina Faso<\/div>\r\n        <div class=\"column\">14 de Julho de 1998<\/div>\r\n        <div class=\"column\">28 de Julho de 1998<\/div>\r\n        <div class=\"column\"><a class=\"download-btn\" href=\"https:\/\/www.african-court.org\/afchpr\/wp-content\/uploads\/2020\/10\/Declaration_Burkina_Faso.pdf\">Baixar<\/a><\/div>\r\n        <div class=\"column\">\u274c<\/div>\r\n    <\/div>\r\n\r\n    <div class=\"list-item\">\r\n        <div class=\"column country-name\">Malawi<\/div>\r\n        <div class=\"column\">9 de Setembro de 2008<\/div>\r\n        <div class=\"column\">9 de Outubro de 2008<\/div>\r\n        <div class=\"column\"><a class=\"download-btn\" href=\"https:\/\/www.african-court.org\/afchpr\/wp-content\/uploads\/2020\/10\/Declaration_Malawi.pdf\">Baixar<\/a><\/div>\r\n        <div class=\"column\">\u274c<\/div>\r\n    <\/div>\r\n\r\n    <div class=\"list-item\">\r\n        <div class=\"column country-name\">Mali<\/div>\r\n        <div class=\"column\">5 de Fevereiro de 2010<\/div>\r\n        <div class=\"column\">19 de Fevereiro de 2010<\/div>\r\n        <div class=\"column\"><a class=\"download-btn\" href=\"https:\/\/www.african-court.org\/afchpr\/wp-content\/uploads\/2020\/10\/Declaration_Mali.pdf\">Baixar<\/a><\/div>\r\n        <div class=\"column\">\u274c<\/div>\r\n    <\/div>\r\n\r\n    <div class=\"list-item\">\r\n        <div class=\"column country-name\">Tanz\u00e2nia<\/div>\r\n        <div class=\"column\">9 de Mar\u00e7o de 2010<\/div>\r\n        <div class=\"column\">29 de Mar\u00e7o de 2010<\/div>\r\n        <div class=\"column\"><a class=\"download-btn\" href=\"https:\/\/www.african-court.org\/afchpr\/wp-content\/uploads\/2020\/10\/Declaration_Tanzania.pdf\">Baixar<\/a><\/div>\r\n        <div class=\"column withdrawal\">14 de Nov de 2019<a class=\"download-btn\" href=\"https:\/\/www.african-court.org\/afchpr\/wp-content\/uploads\/2020\/10\/Withdrawal-Tanzania_E.pdf\">Baixar<\/a><\/div>\r\n    <\/div>\r\n    \r\n       <div class=\"list-item\">\r\n        <div class=\"column country-name\">Gana<\/div>\r\n        <div class=\"column\">9 de Fevereiro de 2011<\/div>\r\n        <div class=\"column\">10 de Mar\u00e7o de 2011<\/div>\r\n        <div class=\"column\"><a class=\"download-btn\" href=\"https:\/\/www.african-court.org\/afchpr\/wp-content\/uploads\/2020\/10\/Ghana_declaration.pdf\">Baixar<\/a><\/div>\r\n        <div class=\"column\">\u274c<\/div>\r\n    <\/div>\r\n    \r\n    <div class=\"list-item\">\r\n        <div class=\"column country-name\">Rwanda<\/div>\r\n        <div class=\"column\">22 de Janeiro de 2013<\/div>\r\n        <div class=\"column\">6 de Fevereiro de 2013<\/div>\r\n        <div class=\"column\"><a class=\"download-btn\" href=\"https:\/\/www.african-court.org\/afchpr\/wp-content\/uploads\/2020\/10\/Declaration-Rwanda.pdf\">Baixar<\/a><\/div>\r\n        <div class=\"column withdrawal\">24 de Fev de 2016<a class=\"download-btn\" href=\"https:\/\/www.african-court.org\/afchpr\/wp-content\/uploads\/2020\/10\/Withdrawal-Rwanda.pdf\">Baixar<\/a><\/div>\r\n    <\/div>\r\n    \r\n     \r\n    <div class=\"list-item\">\r\n        <div class=\"column country-name\">Cote d\u2019Ivoire<\/div>\r\n        <div class=\"column\">19 de Junho de 2013<\/div>\r\n        <div class=\"column\">23 de Julho de 2013<\/div>\r\n        <div class=\"column\"><a class=\"download-btn\" href=\"https:\/\/www.african-court.org\/afchpr\/wp-content\/uploads\/2020\/10\/Declaration-of-Cote-dIvoire.pdf\">Baixar<\/a><\/div>\r\n        <div class=\"column withdrawal\">28 de Abr de 2020<a class=\"download-btn\" href=\"https:\/\/www.african-court.org\/afchpr\/wp-content\/uploads\/2020\/10\/withdrawal-Cote-divoire.pdf\">Baixar<\/a><\/div>\r\n    <\/div>\r\n    \r\n    <div class=\"list-item\">\r\n        <div class=\"column country-name\">B\u00e9nin<\/div>\r\n        <div class=\"column\">22 de Maio de 2014<\/div>\r\n        <div class=\"column\">8 de Fevereiro de 2016<\/div>\r\n        <div class=\"column\"><a class=\"download-btn\" href=\"https:\/\/www.african-court.org\/afchpr\/wp-content\/uploads\/2020\/10\/Benin-Declaration.pdf\">Baixar<\/a><\/div>\r\n        <div class=\"column withdrawal\">24 de Mar\u00e7o 2020<a class=\"download-btn\" href=\"https:\/\/www.african-court.org\/afchpr\/wp-content\/uploads\/2020\/10\/Withdrawal-Benin.pdf\">Baixar<\/a><\/div>\r\n    <\/div>\r\n    \r\n       <div class=\"list-item\">\r\n        <div class=\"column country-name\">Tunisie<\/div>\r\n        <div class=\"column\">13 de Abril de 2017<\/div>\r\n        <div class=\"column\">02 Jun 2017<\/div>\r\n        <div class=\"column\"><a class=\"download-btn\" href=\"https:\/\/www.african-court.org\/afchpr\/wp-content\/uploads\/2020\/10\/27156_Decleration-By-Tunisia_2017060707274900.pdf\">Baixar<\/a><\/div>\r\n        <div class=\"column\">\u274c<\/div>\r\n    <\/div>\r\n    \r\n    <div class=\"list-item\">\r\n        <div class=\"column country-name\">G\u00e2mbia<\/div>\r\n        <div class=\"column\">23 de Outubro de 2018<\/div>\r\n        <div class=\"column\">3 de Fevereiro de 2020<\/div>\r\n        <div class=\"column\"><a class=\"download-btn\" href=\"https:\/\/www.african-court.org\/afchpr\/wp-content\/uploads\/2020\/10\/Gambia-Declaration.pdf\">Baixar<\/a><\/div>\r\n        <div class=\"column\">\u274c<\/div>\r\n    <\/div>\r\n     \r\n        \r\n    <div class=\"list-item\">\r\n        <div class=\"column country-name\">Niger<\/div>\r\n        <div class=\"column\">28 de outubro de 2021<\/div>\r\n        <div class=\"column\">07 de abril de 2022<\/div>\r\n        <div class=\"column\"><a class=\"download-btn\" href=\"https:\/\/www.african-court.org\/afchpr\/wp-content\/uploads\/2022\/04\/Niger-Declaration-on-article-34.6-Africa-Court.pdf\">Baixar<\/a><\/div>\r\n        <div class=\"column\">\u274c<\/div>\r\n    <\/div>\r\n     \r\n       \r\n    <div class=\"list-item\">\r\n        <div class=\"column country-name\">Guin\u00e9-Bissau<\/div>\r\n        <div class=\"column\">14 de Ouctobro de 2021<\/div>\r\n        <div class=\"column\">02 de novembro de 2021<\/div>\r\n        <div class=\"column\"><a class=\"download-btn\" href=\"https:\/\/www.african-court.org\/afchpr\/wp-content\/uploads\/2023\/10\/FR_Guinea-Bissau-Ratification-and-Declaration-Protocol-to-the-ACtHPR.pdf\">Baixar<\/a><\/div>\r\n        <div class=\"column\">\u274c<\/div>\r\n    <\/div>\r\n     \r\n<\/div>\r\n\t\t\t\t<\/div>\n\t\t\t\t<\/div>\n\t\t\t\t<\/div>\n\t\t\t\t<\/div>\n\t\t\t\t<\/div>\n\t\t","protected":false},"excerpt":{"rendered":"<p>This is dummy title and will be replaced with real title of your post Home Category Child Category O Artigo 34.\u00ba do Protocolo [Ratification] estipula que \u00abno momento da ratifica\u00e7\u00e3o do presente Protocolo ou em qualquer momento posterior, o Estado far\u00e1 uma declara\u00e7\u00e3o a aceitar a compet\u00eancia do Tribunal para conhecer de processos interpostos nos [&hellip;]<\/p>\n","protected":false},"author":1,"featured_media":0,"parent":0,"menu_order":0,"comment_status":"closed","ping_status":"closed","template":"","meta":{"jnews_page_loop":[],"jnews_single_page":[],"jnews_social_meta":[],"footnotes":""},"class_list":["post-5043","page","type-page","status-publish","hentry"],"yoast_head":"<!-- This site is optimized with the Yoast SEO plugin v27.4 - https:\/\/yoast.com\/product\/yoast-seo-wordpress\/ -->\n<title>Declara\u00e7\u00f5es - African Court on Human and Peoples&#039; Rights<\/title>\n<meta name=\"robots\" content=\"index, follow, max-snippet:-1, max-image-preview:large, max-video-preview:-1\" \/>\n<link rel=\"canonical\" href=\"https:\/\/www.african-court.org\/afchpr\/declaracoes\/\" \/>\n<meta property=\"og:locale\" content=\"en_US\" \/>\n<meta property=\"og:type\" content=\"article\" \/>\n<meta property=\"og:title\" content=\"Declara\u00e7\u00f5es - African Court on Human and Peoples&#039; Rights\" \/>\n<meta property=\"og:description\" content=\"This is dummy title and will be replaced with real title of your post Home Category Child Category O Artigo 34.\u00ba do Protocolo [Ratification] estipula que \u00abno momento da ratifica\u00e7\u00e3o do presente Protocolo ou em qualquer momento posterior, o Estado far\u00e1 uma declara\u00e7\u00e3o a aceitar a compet\u00eancia do Tribunal para conhecer de processos interpostos nos [&hellip;]\" \/>\n<meta property=\"og:url\" content=\"https:\/\/www.african-court.org\/afchpr\/declaracoes\/?lang=pt-pt\" \/>\n<meta property=\"og:site_name\" content=\"African Court on Human and Peoples&#039; Rights\" \/>\n<meta property=\"article:publisher\" content=\"https:\/\/www.facebook.com\/afchpr\" \/>\n<meta property=\"article:modified_time\" content=\"2025-03-20T18:04:05+00:00\" \/>\n<meta name=\"twitter:card\" content=\"summary_large_image\" \/>\n<meta name=\"twitter:label1\" content=\"Est. reading time\" \/>\n\t<meta name=\"twitter:data1\" content=\"3 minutes\" \/>\n<script type=\"application\/ld+json\" class=\"yoast-schema-graph\">{\"@context\":\"https:\\\/\\\/schema.org\",\"@graph\":[{\"@type\":\"WebPage\",\"@id\":\"https:\\\/\\\/www.african-court.org\\\/afchpr\\\/declaracoes\\\/?lang=pt-pt\",\"url\":\"https:\\\/\\\/www.african-court.org\\\/afchpr\\\/declaracoes\\\/?lang=pt-pt\",\"name\":\"Declara\u00e7\u00f5es - African Court on Human and Peoples&#039; Rights\",\"isPartOf\":{\"@id\":\"https:\\\/\\\/www.african-court.org\\\/afchpr\\\/#website\"},\"datePublished\":\"2020-10-21T17:47:34+00:00\",\"dateModified\":\"2025-03-20T18:04:05+00:00\",\"breadcrumb\":{\"@id\":\"https:\\\/\\\/www.african-court.org\\\/afchpr\\\/declaracoes\\\/?lang=pt-pt#breadcrumb\"},\"inLanguage\":\"en-US\",\"potentialAction\":[{\"@type\":\"ReadAction\",\"target\":[\"https:\\\/\\\/www.african-court.org\\\/afchpr\\\/declaracoes\\\/?lang=pt-pt\"]}]},{\"@type\":\"BreadcrumbList\",\"@id\":\"https:\\\/\\\/www.african-court.org\\\/afchpr\\\/declaracoes\\\/?lang=pt-pt#breadcrumb\",\"itemListElement\":[{\"@type\":\"ListItem\",\"position\":1,\"name\":\"Home\",\"item\":\"https:\\\/\\\/www.african-court.org\\\/afchpr\\\/\"},{\"@type\":\"ListItem\",\"position\":2,\"name\":\"Declara\u00e7\u00f5es\"}]},{\"@type\":\"WebSite\",\"@id\":\"https:\\\/\\\/www.african-court.org\\\/afchpr\\\/#website\",\"url\":\"https:\\\/\\\/www.african-court.org\\\/afchpr\\\/\",\"name\":\"African Court on Human and Peoples&#039; Rights\",\"description\":\"Protecting human rights in Africa\",\"publisher\":{\"@id\":\"https:\\\/\\\/www.african-court.org\\\/afchpr\\\/#organization\"},\"potentialAction\":[{\"@type\":\"SearchAction\",\"target\":{\"@type\":\"EntryPoint\",\"urlTemplate\":\"https:\\\/\\\/www.african-court.org\\\/afchpr\\\/?s={search_term_string}\"},\"query-input\":{\"@type\":\"PropertyValueSpecification\",\"valueRequired\":true,\"valueName\":\"search_term_string\"}}],\"inLanguage\":\"en-US\"},{\"@type\":\"Organization\",\"@id\":\"https:\\\/\\\/www.african-court.org\\\/afchpr\\\/#organization\",\"name\":\"African court on human and peoples' rights\",\"url\":\"https:\\\/\\\/www.african-court.org\\\/afchpr\\\/\",\"logo\":{\"@type\":\"ImageObject\",\"inLanguage\":\"en-US\",\"@id\":\"https:\\\/\\\/www.african-court.org\\\/afchpr\\\/#\\\/schema\\\/logo\\\/image\\\/\",\"url\":\"https:\\\/\\\/www.african-court.org\\\/wpafc\\\/wp-content\\\/uploads\\\/2020\\\/04\\\/African-Court-logo.png\",\"contentUrl\":\"https:\\\/\\\/www.african-court.org\\\/wpafc\\\/wp-content\\\/uploads\\\/2020\\\/04\\\/African-Court-logo.png\",\"width\":835,\"height\":835,\"caption\":\"African court on human and peoples' rights\"},\"image\":{\"@id\":\"https:\\\/\\\/www.african-court.org\\\/afchpr\\\/#\\\/schema\\\/logo\\\/image\\\/\"},\"sameAs\":[\"https:\\\/\\\/www.facebook.com\\\/afchpr\",\"https:\\\/\\\/www.youtube.com\\\/user\\\/africancourt\"]}]}<\/script>\n<!-- \/ Yoast SEO plugin. -->","yoast_head_json":{"title":"Declara\u00e7\u00f5es - African Court on Human and Peoples&#039; Rights","robots":{"index":"index","follow":"follow","max-snippet":"max-snippet:-1","max-image-preview":"max-image-preview:large","max-video-preview":"max-video-preview:-1"},"canonical":"https:\/\/www.african-court.org\/afchpr\/declaracoes\/","og_locale":"en_US","og_type":"article","og_title":"Declara\u00e7\u00f5es - African Court on Human and Peoples&#039; Rights","og_description":"This is dummy title and will be replaced with real title of your post Home Category Child Category O Artigo 34.\u00ba do Protocolo [Ratification] estipula que \u00abno momento da ratifica\u00e7\u00e3o do presente Protocolo ou em qualquer momento posterior, o Estado far\u00e1 uma declara\u00e7\u00e3o a aceitar a compet\u00eancia do Tribunal para conhecer de processos interpostos nos [&hellip;]","og_url":"https:\/\/www.african-court.org\/afchpr\/declaracoes\/?lang=pt-pt","og_site_name":"African Court on Human and Peoples&#039; Rights","article_publisher":"https:\/\/www.facebook.com\/afchpr","article_modified_time":"2025-03-20T18:04:05+00:00","twitter_card":"summary_large_image","twitter_misc":{"Est. reading time":"3 minutes"},"schema":{"@context":"https:\/\/schema.org","@graph":[{"@type":"WebPage","@id":"https:\/\/www.african-court.org\/afchpr\/declaracoes\/?lang=pt-pt","url":"https:\/\/www.african-court.org\/afchpr\/declaracoes\/?lang=pt-pt","name":"Declara\u00e7\u00f5es - African Court on Human and Peoples&#039; Rights","isPartOf":{"@id":"https:\/\/www.african-court.org\/afchpr\/#website"},"datePublished":"2020-10-21T17:47:34+00:00","dateModified":"2025-03-20T18:04:05+00:00","breadcrumb":{"@id":"https:\/\/www.african-court.org\/afchpr\/declaracoes\/?lang=pt-pt#breadcrumb"},"inLanguage":"en-US","potentialAction":[{"@type":"ReadAction","target":["https:\/\/www.african-court.org\/afchpr\/declaracoes\/?lang=pt-pt"]}]},{"@type":"BreadcrumbList","@id":"https:\/\/www.african-court.org\/afchpr\/declaracoes\/?lang=pt-pt#breadcrumb","itemListElement":[{"@type":"ListItem","position":1,"name":"Home","item":"https:\/\/www.african-court.org\/afchpr\/"},{"@type":"ListItem","position":2,"name":"Declara\u00e7\u00f5es"}]},{"@type":"WebSite","@id":"https:\/\/www.african-court.org\/afchpr\/#website","url":"https:\/\/www.african-court.org\/afchpr\/","name":"African Court on Human and Peoples&#039; Rights","description":"Protecting human rights in Africa","publisher":{"@id":"https:\/\/www.african-court.org\/afchpr\/#organization"},"potentialAction":[{"@type":"SearchAction","target":{"@type":"EntryPoint","urlTemplate":"https:\/\/www.african-court.org\/afchpr\/?s={search_term_string}"},"query-input":{"@type":"PropertyValueSpecification","valueRequired":true,"valueName":"search_term_string"}}],"inLanguage":"en-US"},{"@type":"Organization","@id":"https:\/\/www.african-court.org\/afchpr\/#organization","name":"African court on human and peoples' rights","url":"https:\/\/www.african-court.org\/afchpr\/","logo":{"@type":"ImageObject","inLanguage":"en-US","@id":"https:\/\/www.african-court.org\/afchpr\/#\/schema\/logo\/image\/","url":"https:\/\/www.african-court.org\/wpafc\/wp-content\/uploads\/2020\/04\/African-Court-logo.png","contentUrl":"https:\/\/www.african-court.org\/wpafc\/wp-content\/uploads\/2020\/04\/African-Court-logo.png","width":835,"height":835,"caption":"African court on human and peoples' rights"},"image":{"@id":"https:\/\/www.african-court.org\/afchpr\/#\/schema\/logo\/image\/"},"sameAs":["https:\/\/www.facebook.com\/afchpr","https:\/\/www.youtube.com\/user\/africancourt"]}]}},"publishpress_future_action":{"enabled":false,"date":"2026-04-24 20:52:01","action":"change-status","newStatus":"draft","terms":[],"taxonomy":"translation_priority","extraData":[]},"publishpress_future_workflow_manual_trigger":{"enabledWorkflows":[]},"post_mailing_queue_ids":[],"_links":{"self":[{"href":"https:\/\/www.african-court.org\/afchpr\/wp-json\/wp\/v2\/pages\/5043","targetHints":{"allow":["GET"]}}],"collection":[{"href":"https:\/\/www.african-court.org\/afchpr\/wp-json\/wp\/v2\/pages"}],"about":[{"href":"https:\/\/www.african-court.org\/afchpr\/wp-json\/wp\/v2\/types\/page"}],"author":[{"embeddable":true,"href":"https:\/\/www.african-court.org\/afchpr\/wp-json\/wp\/v2\/users\/1"}],"replies":[{"embeddable":true,"href":"https:\/\/www.african-court.org\/afchpr\/wp-json\/wp\/v2\/comments?post=5043"}],"version-history":[{"count":24,"href":"https:\/\/www.african-court.org\/afchpr\/wp-json\/wp\/v2\/pages\/5043\/revisions"}],"predecessor-version":[{"id":19617,"href":"https:\/\/www.african-court.org\/afchpr\/wp-json\/wp\/v2\/pages\/5043\/revisions\/19617"}],"wp:attachment":[{"href":"https:\/\/www.african-court.org\/afchpr\/wp-json\/wp\/v2\/media?parent=5043"}],"curies":[{"name":"wp","href":"https:\/\/api.w.org\/{rel}","templated":true}]}}