{"id":4215,"date":"2020-10-21T20:47:34","date_gmt":"2020-10-21T17:47:34","guid":{"rendered":"http:\/\/www.african-court.org\/wpafc\/declarations\/"},"modified":"2025-03-20T20:58:36","modified_gmt":"2025-03-20T17:58:36","slug":"declarations","status":"publish","type":"page","link":"https:\/\/www.african-court.org\/afchpr\/declarations\/?lang=fr","title":{"rendered":"D\u00e9clarations"},"content":{"rendered":"\t\t<div data-elementor-type=\"wp-page\" data-elementor-id=\"4215\" class=\"elementor elementor-4215 elementor-4172\">\n\t\t\t\t<div class=\"elementor-element elementor-element-3d244160 e-grid e-con-full e-con e-parent\" data-id=\"3d244160\" data-element_type=\"container\" data-e-type=\"container\" data-settings=\"{&quot;background_background&quot;:&quot;classic&quot;}\">\n\t\t<div class=\"elementor-element elementor-element-42998007 e-con-full e-flex e-con e-child\" data-id=\"42998007\" data-element_type=\"container\" data-e-type=\"container\" data-settings=\"{&quot;background_background&quot;:&quot;classic&quot;}\">\n\t\t\t\t<div class=\"elementor-element elementor-element-0b7e8f0 elementor-widget elementor-widget-jnews_post_title_elementor\" data-id=\"0b7e8f0\" data-element_type=\"widget\" data-e-type=\"widget\" data-widget_type=\"jnews_post_title_elementor.default\">\n\t\t\t\t<div class=\"elementor-widget-container\">\n\t\t\t\t\t<div  class='jeg_custom_title_wrapper   '>\n                <h1 class=\"jeg_post_title\">D\u00e9clarations<\/h1>\n            <\/div>\t\t\t\t<\/div>\n\t\t\t\t<\/div>\n\t\t\t\t<div class=\"elementor-element elementor-element-0bd2cce elementor-widget elementor-widget-jnews_post_breadcrumb_elementor\" data-id=\"0bd2cce\" data-element_type=\"widget\" data-e-type=\"widget\" data-widget_type=\"jnews_post_breadcrumb_elementor.default\">\n\t\t\t\t<div class=\"elementor-widget-container\">\n\t\t\t\t\t<div  class='jeg_custom_breadcrumb_wrapper   '><\/div>\t\t\t\t<\/div>\n\t\t\t\t<\/div>\n\t\t\t\t<div class=\"elementor-element elementor-element-18a23272 elementor-widget-divider--view-line elementor-widget elementor-widget-divider\" data-id=\"18a23272\" data-element_type=\"widget\" data-e-type=\"widget\" data-widget_type=\"divider.default\">\n\t\t\t\t<div class=\"elementor-widget-container\">\n\t\t\t\t\t\t\t<div class=\"elementor-divider\">\n\t\t\t<span class=\"elementor-divider-separator\">\n\t\t\t\t\t\t<\/span>\n\t\t<\/div>\n\t\t\t\t\t\t<\/div>\n\t\t\t\t<\/div>\n\t\t\t\t<div class=\"elementor-element elementor-element-21ba6197 elementor-widget elementor-widget-text-editor\" data-id=\"21ba6197\" data-element_type=\"widget\" data-e-type=\"widget\" data-widget_type=\"text-editor.default\">\n\t\t\t\t<div class=\"elementor-widget-container\">\n\t\t\t\t\t\t\t\t\t<blockquote class=\"wp-block-quote\">\n<p style=\"font-size: 15px; color: black;\">L&#8217;Article 34 du Protocole [Ratification] dispose \u201c<em>au moment de la ratification de ce Protocole ou \u00e0 tout moment par la suite, l&#8217;\u00c9tat fera une d\u00e9claration acceptant la comp\u00e9tence de la Cour pour recevoir des affaires en vertu de l&#8217;article 5 (3) de ce Protocole. La Cour ne re\u00e7oit aucune requ\u00eate en vertu de l&#8217;article 5, paragraphe 3, impliquant un \u00c9tat qui n&#8217;a pas fait une telle d\u00e9claration.<\/em>.\u201d L&#8217;article 5, paragraphe 3, stipule ce qui suit: \u201c<em>La Cour peut autoriser les organisations non gouvernementales (ONG) comp\u00e9tentes dot\u00e9es du statut d&#8217;observateur aupr\u00e8s de la Commission et les particuliers \u00e0 saisir directement la Commission, conform\u00e9ment \u00e0 l&#8217;article 34, paragraphe 6, du pr\u00e9sent protocole.<\/em><\/p>\n<\/blockquote>\t\t\t\t\t\t\t\t<\/div>\n\t\t\t\t<\/div>\n\t\t\t\t<div class=\"elementor-element elementor-element-14c731e elementor-widget elementor-widget-html\" data-id=\"14c731e\" data-element_type=\"widget\" data-e-type=\"widget\" data-widget_type=\"html.default\">\n\t\t\t\t<div class=\"elementor-widget-container\">\n\t\t\t\t\t<style>\r\n  \r\n\r\n    .list-container {\r\n       \r\n    }\r\n\r\n    .list-header, .list-item {\r\n        display: flex;\r\n        justify-content: space-between;\r\n        align-items: center;\r\n        padding: 12px;\r\n        border-bottom: 1px solid #ddd;\r\n    }\r\n\r\n    .list-header {\r\n        font-weight: bold;\r\n        background: #9f2241;\r\n        color: white;\r\n        border-radius: 12px 12px 0 0;\r\n    }\r\n\r\n    .list-item {\r\n        background: white;\r\n        transition: 0.3s;\r\n    }\r\n\r\n    .list-item:nth-child(even) {\r\n        background: #f8f9fa;\r\n    }\r\n\r\n    .list-item:hover {\r\n        background: #e9ecef;\r\n    }\r\n\r\n    .column {\r\n        flex: 1;\r\n        text-align: center;\r\n        padding: 5px;\r\n    }\r\n\r\n    .country-name {\r\n        font-weight: bold;\r\n        color: #000;\r\n    }\r\n\r\n    .download-btn {\r\n        display: inline-block;\r\n        background: #1f6529;\r\n        color: white;\r\n        padding: 6px 10px;\r\n        border-radius: 6px;\r\n        text-decoration: none;\r\n        font-weight: bold;\r\n        transition: 0.3s;\r\n        font-size: 14px;\r\n    }\r\n\r\n    .download-btn:hover {\r\n        background: #c9c09b;\r\n    }\r\n\r\n    .withdrawal {\r\n        color: #9f2241;\r\n        font-weight: bold;\r\n    }\r\n    \r\n   \/* Media query for mobile devices below 769px *\/\r\n    @media (max-width: 769px) {\r\n        .list-header, .list-item {\r\n            flex-direction: column;\r\n            align-items: flex-start; \/* Align items to the left *\/\r\n        }\r\n\r\n        .column {\r\n            width: 100%; \/* Make each column take full width *\/\r\n            text-align: left; \/* Align text to the left *\/\r\n            padding: 10px 0; \/* Add padding for better spacing *\/\r\n        }\r\n\r\n        .list-item:hover {\r\n            background: #f0f0f0; \/* Light hover effect *\/\r\n        }\r\n\r\n        .download-btn {\r\n            width: 100%; \/* Make download button full width *\/\r\n            text-align: center; \/* Center the button *\/\r\n            margin-top: 10px; \/* Add some space above the button *\/\r\n        }\r\n    }   \r\n    \r\n    \r\n    \r\n    \r\n    \r\n    \r\n    \r\n    \r\n<\/style>\r\n\r\n<div class=\"list-container\">\r\n    <div class=\"list-header\">\r\n        <div class=\"column\">Pays<\/div>\r\n        <div class=\"column\">Signature<\/div>\r\n        <div class=\"column\">D\u00e9pot<\/div>\r\n        <div class=\"column\">D\u00e9claration<\/div>\r\n        <div class=\"column\">R\u00e9trait<\/div>\r\n    <\/div>\r\n\r\n    <div class=\"list-item\">\r\n        <div class=\"column country-name\">Burkina Faso<\/div>\r\n        <div class=\"column\">14 Juil 1998<\/div>\r\n        <div class=\"column\">28 Juil 1998<\/div>\r\n        <div class=\"column\"><a class=\"download-btn\" href=\"https:\/\/www.african-court.org\/afchpr\/wp-content\/uploads\/2020\/10\/Declaration_Burkina_Faso.pdf\">T\u00e9l\u00e9charger<\/a><\/div>\r\n        <div class=\"column\">\u274c<\/div>\r\n    <\/div>\r\n\r\n    <div class=\"list-item\">\r\n        <div class=\"column country-name\">Malawi<\/div>\r\n        <div class=\"column\">09 Sept 2008<\/div>\r\n        <div class=\"column\">09 Oct 2008<\/div>\r\n        <div class=\"column\"><a class=\"download-btn\" href=\"https:\/\/www.african-court.org\/afchpr\/wp-content\/uploads\/2020\/10\/Declaration_Malawi.pdf\">T\u00e9l\u00e9charger<\/a><\/div>\r\n        <div class=\"column\">\u274c<\/div>\r\n    <\/div>\r\n\r\n    <div class=\"list-item\">\r\n        <div class=\"column country-name\">Mali<\/div>\r\n        <div class=\"column\">05 Fev 2010<\/div>\r\n        <div class=\"column\">19 Fev 2010<\/div>\r\n        <div class=\"column\"><a class=\"download-btn\" href=\"https:\/\/www.african-court.org\/afchpr\/wp-content\/uploads\/2020\/10\/Declaration_Mali.pdf\">T\u00e9l\u00e9charger<\/a><\/div>\r\n        <div class=\"column\">\u274c<\/div>\r\n    <\/div>\r\n\r\n    <div class=\"list-item\">\r\n        <div class=\"column country-name\">Tanzanie<\/div>\r\n        <div class=\"column\">09 Mars 2010<\/div>\r\n        <div class=\"column\">29 Mars 2010<\/div>\r\n        <div class=\"column\"><a class=\"download-btn\" href=\"https:\/\/www.african-court.org\/afchpr\/wp-content\/uploads\/2020\/10\/Declaration_Tanzania.pdf\">T\u00e9l\u00e9charger<\/a><\/div>\r\n        <div class=\"column withdrawal\">14 Nov 2019 <a class=\"download-btn\" href=\"https:\/\/www.african-court.org\/afchpr\/wp-content\/uploads\/2020\/10\/Withdrawal-Tanzania_E.pdf\">T\u00e9l\u00e9charger<\/a><\/div>\r\n    <\/div>\r\n    \r\n       <div class=\"list-item\">\r\n        <div class=\"column country-name\">Ghana<\/div>\r\n        <div class=\"column\">09 Fev 2011<\/div>\r\n        <div class=\"column\">10 Mar 2011<\/div>\r\n        <div class=\"column\"><a class=\"download-btn\" href=\"https:\/\/www.african-court.org\/afchpr\/wp-content\/uploads\/2020\/10\/Ghana_declaration.pdf\">T\u00e9l\u00e9charger<\/a><\/div>\r\n        <div class=\"column\">\u274c<\/div>\r\n    <\/div>\r\n    \r\n    <div class=\"list-item\">\r\n        <div class=\"column country-name\">Rwanda<\/div>\r\n        <div class=\"column\">22 Janv 2013<\/div>\r\n        <div class=\"column\">06 Fev 2013<\/div>\r\n        <div class=\"column\"><a class=\"download-btn\" href=\"https:\/\/www.african-court.org\/afchpr\/wp-content\/uploads\/2020\/10\/Declaration-Rwanda.pdf\">T\u00e9l\u00e9charger<\/a><\/div>\r\n        <div class=\"column withdrawal\">24 Fev 2016<a class=\"download-btn\" href=\"https:\/\/www.african-court.org\/afchpr\/wp-content\/uploads\/2020\/10\/Withdrawal-Rwanda.pdf\">T\u00e9l\u00e9charger<\/a><\/div>\r\n    <\/div>\r\n    \r\n     \r\n    <div class=\"list-item\">\r\n        <div class=\"column country-name\">Cote d\u2019Ivoire<\/div>\r\n        <div class=\"column\">19 Juin 2013<\/div>\r\n        <div class=\"column\">23 Juil 2013<\/div>\r\n        <div class=\"column\"><a class=\"download-btn\" href=\"https:\/\/www.african-court.org\/afchpr\/wp-content\/uploads\/2020\/10\/Declaration-of-Cote-dIvoire.pdf\">T\u00e9l\u00e9charger<\/a><\/div>\r\n        <div class=\"column withdrawal\">28 Avril 2020<a class=\"download-btn\" href=\"https:\/\/www.african-court.org\/afchpr\/wp-content\/uploads\/2020\/10\/withdrawal-Cote-divoire.pdf\">T\u00e9l\u00e9charger<\/a><\/div>\r\n    <\/div>\r\n    \r\n    <div class=\"list-item\">\r\n        <div class=\"column country-name\">B\u00e9nin<\/div>\r\n        <div class=\"column\">22 Mai 2014<\/div>\r\n        <div class=\"column\">08 F\u00e9v 2016<\/div>\r\n        <div class=\"column\"><a class=\"download-btn\" href=\"https:\/\/www.african-court.org\/afchpr\/wp-content\/uploads\/2020\/10\/Benin-Declaration.pdf\">T\u00e9l\u00e9charger<\/a><\/div>\r\n        <div class=\"column withdrawal\">24 Mars 2020<a class=\"download-btn\" href=\"https:\/\/www.african-court.org\/afchpr\/wp-content\/uploads\/2020\/10\/Withdrawal-Benin.pdf\">T\u00e9l\u00e9charger<\/a><\/div>\r\n    <\/div>\r\n    \r\n       <div class=\"list-item\">\r\n        <div class=\"column country-name\">Tunisie<\/div>\r\n        <div class=\"column\">13 Avril 2017<\/div>\r\n        <div class=\"column\">02 Jun 2017<\/div>\r\n        <div class=\"column\"><a class=\"download-btn\" href=\"https:\/\/www.african-court.org\/afchpr\/wp-content\/uploads\/2020\/10\/27156_Decleration-By-Tunisia_2017060707274900.pdf\">T\u00e9l\u00e9charger<\/a><\/div>\r\n        <div class=\"column\">\u274c<\/div>\r\n    <\/div>\r\n    \r\n    <div class=\"list-item\">\r\n        <div class=\"column country-name\">Gambie<\/div>\r\n        <div class=\"column\">23 Oct 2018<\/div>\r\n        <div class=\"column\">03 F\u00e9v 2020<\/div>\r\n        <div class=\"column\"><a class=\"download-btn\" href=\"https:\/\/www.african-court.org\/afchpr\/wp-content\/uploads\/2020\/10\/Gambia-Declaration.pdf\">T\u00e9l\u00e9charger<\/a><\/div>\r\n        <div class=\"column\">\u274c<\/div>\r\n    <\/div>\r\n     \r\n        \r\n    <div class=\"list-item\">\r\n        <div class=\"column country-name\">Niger<\/div>\r\n        <div class=\"column\">28 Oct 2021<\/div>\r\n        <div class=\"column\">07 Apr 2022<\/div>\r\n        <div class=\"column\"><a class=\"download-btn\" href=\"https:\/\/www.african-court.org\/afchpr\/wp-content\/uploads\/2022\/04\/Niger-Declaration-on-article-34.6-Africa-Court.pdf\">T\u00e9l\u00e9charger<\/a><\/div>\r\n        <div class=\"column\">\u274c<\/div>\r\n    <\/div>\r\n     \r\n       \r\n    <div class=\"list-item\">\r\n        <div class=\"column country-name\">Guin\u00e9e Bissau<\/div>\r\n        <div class=\"column\">14 Oct 2021<\/div>\r\n        <div class=\"column\">02 Nov 2021<\/div>\r\n        <div class=\"column\"><a class=\"download-btn\" href=\"https:\/\/www.african-court.org\/afchpr\/wp-content\/uploads\/2023\/10\/FR_Guinea-Bissau-Ratification-and-Declaration-Protocol-to-the-ACtHPR.pdf\">T\u00e9l\u00e9charger<\/a><\/div>\r\n        <div class=\"column\">\u274c<\/div>\r\n    <\/div>\r\n     \r\n<\/div>\r\n\t\t\t\t<\/div>\n\t\t\t\t<\/div>\n\t\t\t\t<\/div>\n\t\t\t\t<\/div>\n\t\t\t\t<\/div>\n\t\t","protected":false},"excerpt":{"rendered":"<p>This is dummy title and will be replaced with real title of your post Home Category Child Category L&#8217;Article 34 du Protocole [Ratification] dispose \u201cau moment de la ratification de ce Protocole ou \u00e0 tout moment par la suite, l&#8217;\u00c9tat fera une d\u00e9claration acceptant la comp\u00e9tence de la Cour pour recevoir des affaires en vertu [&hellip;]<\/p>\n","protected":false},"author":1,"featured_media":0,"parent":0,"menu_order":0,"comment_status":"closed","ping_status":"closed","template":"","meta":{"jnews_page_loop":[],"jnews_single_page":[],"jnews_social_meta":[],"footnotes":""},"class_list":["post-4215","page","type-page","status-publish","hentry"],"yoast_head":"<!-- This site is optimized with the Yoast SEO plugin v27.4 - https:\/\/yoast.com\/product\/yoast-seo-wordpress\/ -->\n<title>D\u00e9clarations - African Court on Human and Peoples&#039; Rights<\/title>\n<meta name=\"robots\" content=\"index, follow, max-snippet:-1, max-image-preview:large, max-video-preview:-1\" \/>\n<link rel=\"canonical\" href=\"https:\/\/www.african-court.org\/afchpr\/declarations\/\" \/>\n<meta property=\"og:locale\" content=\"en_US\" \/>\n<meta property=\"og:type\" content=\"article\" \/>\n<meta property=\"og:title\" content=\"D\u00e9clarations - African Court on Human and Peoples&#039; Rights\" \/>\n<meta property=\"og:description\" content=\"This is dummy title and will be replaced with real title of your post Home Category Child Category L&#8217;Article 34 du Protocole [Ratification] dispose \u201cau moment de la ratification de ce Protocole ou \u00e0 tout moment par la suite, l&#8217;\u00c9tat fera une d\u00e9claration acceptant la comp\u00e9tence de la Cour pour recevoir des affaires en vertu [&hellip;]\" \/>\n<meta property=\"og:url\" content=\"https:\/\/www.african-court.org\/afchpr\/declarations\/?lang=fr\" \/>\n<meta property=\"og:site_name\" content=\"African Court on Human and Peoples&#039; Rights\" \/>\n<meta property=\"article:publisher\" content=\"https:\/\/www.facebook.com\/afchpr\" \/>\n<meta property=\"article:modified_time\" content=\"2025-03-20T17:58:36+00:00\" \/>\n<meta name=\"twitter:card\" content=\"summary_large_image\" \/>\n<meta name=\"twitter:label1\" content=\"Est. reading time\" \/>\n\t<meta name=\"twitter:data1\" content=\"3 minutes\" \/>\n<script type=\"application\/ld+json\" class=\"yoast-schema-graph\">{\"@context\":\"https:\\\/\\\/schema.org\",\"@graph\":[{\"@type\":\"WebPage\",\"@id\":\"https:\\\/\\\/www.african-court.org\\\/afchpr\\\/declarations\\\/?lang=fr\",\"url\":\"https:\\\/\\\/www.african-court.org\\\/afchpr\\\/declarations\\\/?lang=fr\",\"name\":\"D\u00e9clarations - African Court on Human and Peoples&#039; Rights\",\"isPartOf\":{\"@id\":\"https:\\\/\\\/www.african-court.org\\\/afchpr\\\/#website\"},\"datePublished\":\"2020-10-21T17:47:34+00:00\",\"dateModified\":\"2025-03-20T17:58:36+00:00\",\"breadcrumb\":{\"@id\":\"https:\\\/\\\/www.african-court.org\\\/afchpr\\\/declarations\\\/?lang=fr#breadcrumb\"},\"inLanguage\":\"en-US\",\"potentialAction\":[{\"@type\":\"ReadAction\",\"target\":[\"https:\\\/\\\/www.african-court.org\\\/afchpr\\\/declarations\\\/?lang=fr\"]}]},{\"@type\":\"BreadcrumbList\",\"@id\":\"https:\\\/\\\/www.african-court.org\\\/afchpr\\\/declarations\\\/?lang=fr#breadcrumb\",\"itemListElement\":[{\"@type\":\"ListItem\",\"position\":1,\"name\":\"Home\",\"item\":\"https:\\\/\\\/www.african-court.org\\\/afchpr\\\/\"},{\"@type\":\"ListItem\",\"position\":2,\"name\":\"D\u00e9clarations\"}]},{\"@type\":\"WebSite\",\"@id\":\"https:\\\/\\\/www.african-court.org\\\/afchpr\\\/#website\",\"url\":\"https:\\\/\\\/www.african-court.org\\\/afchpr\\\/\",\"name\":\"African Court on Human and Peoples&#039; Rights\",\"description\":\"Protecting human rights in Africa\",\"publisher\":{\"@id\":\"https:\\\/\\\/www.african-court.org\\\/afchpr\\\/#organization\"},\"potentialAction\":[{\"@type\":\"SearchAction\",\"target\":{\"@type\":\"EntryPoint\",\"urlTemplate\":\"https:\\\/\\\/www.african-court.org\\\/afchpr\\\/?s={search_term_string}\"},\"query-input\":{\"@type\":\"PropertyValueSpecification\",\"valueRequired\":true,\"valueName\":\"search_term_string\"}}],\"inLanguage\":\"en-US\"},{\"@type\":\"Organization\",\"@id\":\"https:\\\/\\\/www.african-court.org\\\/afchpr\\\/#organization\",\"name\":\"African court on human and peoples' rights\",\"url\":\"https:\\\/\\\/www.african-court.org\\\/afchpr\\\/\",\"logo\":{\"@type\":\"ImageObject\",\"inLanguage\":\"en-US\",\"@id\":\"https:\\\/\\\/www.african-court.org\\\/afchpr\\\/#\\\/schema\\\/logo\\\/image\\\/\",\"url\":\"https:\\\/\\\/www.african-court.org\\\/wpafc\\\/wp-content\\\/uploads\\\/2020\\\/04\\\/African-Court-logo.png\",\"contentUrl\":\"https:\\\/\\\/www.african-court.org\\\/wpafc\\\/wp-content\\\/uploads\\\/2020\\\/04\\\/African-Court-logo.png\",\"width\":835,\"height\":835,\"caption\":\"African court on human and peoples' rights\"},\"image\":{\"@id\":\"https:\\\/\\\/www.african-court.org\\\/afchpr\\\/#\\\/schema\\\/logo\\\/image\\\/\"},\"sameAs\":[\"https:\\\/\\\/www.facebook.com\\\/afchpr\",\"https:\\\/\\\/www.youtube.com\\\/user\\\/africancourt\"]}]}<\/script>\n<!-- \/ Yoast SEO plugin. -->","yoast_head_json":{"title":"D\u00e9clarations - African Court on Human and Peoples&#039; Rights","robots":{"index":"index","follow":"follow","max-snippet":"max-snippet:-1","max-image-preview":"max-image-preview:large","max-video-preview":"max-video-preview:-1"},"canonical":"https:\/\/www.african-court.org\/afchpr\/declarations\/","og_locale":"en_US","og_type":"article","og_title":"D\u00e9clarations - African Court on Human and Peoples&#039; Rights","og_description":"This is dummy title and will be replaced with real title of your post Home Category Child Category L&#8217;Article 34 du Protocole [Ratification] dispose \u201cau moment de la ratification de ce Protocole ou \u00e0 tout moment par la suite, l&#8217;\u00c9tat fera une d\u00e9claration acceptant la comp\u00e9tence de la Cour pour recevoir des affaires en vertu [&hellip;]","og_url":"https:\/\/www.african-court.org\/afchpr\/declarations\/?lang=fr","og_site_name":"African Court on Human and Peoples&#039; Rights","article_publisher":"https:\/\/www.facebook.com\/afchpr","article_modified_time":"2025-03-20T17:58:36+00:00","twitter_card":"summary_large_image","twitter_misc":{"Est. reading time":"3 minutes"},"schema":{"@context":"https:\/\/schema.org","@graph":[{"@type":"WebPage","@id":"https:\/\/www.african-court.org\/afchpr\/declarations\/?lang=fr","url":"https:\/\/www.african-court.org\/afchpr\/declarations\/?lang=fr","name":"D\u00e9clarations - African Court on Human and Peoples&#039; Rights","isPartOf":{"@id":"https:\/\/www.african-court.org\/afchpr\/#website"},"datePublished":"2020-10-21T17:47:34+00:00","dateModified":"2025-03-20T17:58:36+00:00","breadcrumb":{"@id":"https:\/\/www.african-court.org\/afchpr\/declarations\/?lang=fr#breadcrumb"},"inLanguage":"en-US","potentialAction":[{"@type":"ReadAction","target":["https:\/\/www.african-court.org\/afchpr\/declarations\/?lang=fr"]}]},{"@type":"BreadcrumbList","@id":"https:\/\/www.african-court.org\/afchpr\/declarations\/?lang=fr#breadcrumb","itemListElement":[{"@type":"ListItem","position":1,"name":"Home","item":"https:\/\/www.african-court.org\/afchpr\/"},{"@type":"ListItem","position":2,"name":"D\u00e9clarations"}]},{"@type":"WebSite","@id":"https:\/\/www.african-court.org\/afchpr\/#website","url":"https:\/\/www.african-court.org\/afchpr\/","name":"African Court on Human and Peoples&#039; Rights","description":"Protecting human rights in Africa","publisher":{"@id":"https:\/\/www.african-court.org\/afchpr\/#organization"},"potentialAction":[{"@type":"SearchAction","target":{"@type":"EntryPoint","urlTemplate":"https:\/\/www.african-court.org\/afchpr\/?s={search_term_string}"},"query-input":{"@type":"PropertyValueSpecification","valueRequired":true,"valueName":"search_term_string"}}],"inLanguage":"en-US"},{"@type":"Organization","@id":"https:\/\/www.african-court.org\/afchpr\/#organization","name":"African court on human and peoples' rights","url":"https:\/\/www.african-court.org\/afchpr\/","logo":{"@type":"ImageObject","inLanguage":"en-US","@id":"https:\/\/www.african-court.org\/afchpr\/#\/schema\/logo\/image\/","url":"https:\/\/www.african-court.org\/wpafc\/wp-content\/uploads\/2020\/04\/African-Court-logo.png","contentUrl":"https:\/\/www.african-court.org\/wpafc\/wp-content\/uploads\/2020\/04\/African-Court-logo.png","width":835,"height":835,"caption":"African court on human and peoples' rights"},"image":{"@id":"https:\/\/www.african-court.org\/afchpr\/#\/schema\/logo\/image\/"},"sameAs":["https:\/\/www.facebook.com\/afchpr","https:\/\/www.youtube.com\/user\/africancourt"]}]}},"publishpress_future_action":{"enabled":false,"date":"2026-04-24 18:58:07","action":"change-status","newStatus":"draft","terms":[],"taxonomy":"translation_priority","extraData":[]},"publishpress_future_workflow_manual_trigger":{"enabledWorkflows":[]},"post_mailing_queue_ids":[],"_links":{"self":[{"href":"https:\/\/www.african-court.org\/afchpr\/wp-json\/wp\/v2\/pages\/4215","targetHints":{"allow":["GET"]}}],"collection":[{"href":"https:\/\/www.african-court.org\/afchpr\/wp-json\/wp\/v2\/pages"}],"about":[{"href":"https:\/\/www.african-court.org\/afchpr\/wp-json\/wp\/v2\/types\/page"}],"author":[{"embeddable":true,"href":"https:\/\/www.african-court.org\/afchpr\/wp-json\/wp\/v2\/users\/1"}],"replies":[{"embeddable":true,"href":"https:\/\/www.african-court.org\/afchpr\/wp-json\/wp\/v2\/comments?post=4215"}],"version-history":[{"count":19,"href":"https:\/\/www.african-court.org\/afchpr\/wp-json\/wp\/v2\/pages\/4215\/revisions"}],"predecessor-version":[{"id":19614,"href":"https:\/\/www.african-court.org\/afchpr\/wp-json\/wp\/v2\/pages\/4215\/revisions\/19614"}],"wp:attachment":[{"href":"https:\/\/www.african-court.org\/afchpr\/wp-json\/wp\/v2\/media?parent=4215"}],"curies":[{"name":"wp","href":"https:\/\/api.w.org\/{rel}","templated":true}]}}